{"id":391,"date":"2025-05-28T07:37:12","date_gmt":"2025-05-28T07:37:12","guid":{"rendered":"https:\/\/www.gen200.com\/?page_id=391"},"modified":"2025-07-18T11:51:19","modified_gmt":"2025-07-18T11:51:19","slug":"blog","status":"publish","type":"page","link":"https:\/\/www.gen200.com\/de\/blog\/","title":{"rendered":"Blog"},"content":{"rendered":"<div id=\"page-header-1469732122\" class=\"page-header-wrapper\">\n  <div class=\"page-title dark featured-title\">\n\n    \n    <div class=\"page-title-inner container align-center flex-row medium-flex-wrap\" >\n              <div class=\"title-wrapper flex-col text-left medium-text-center\">\n          <h1 class=\"entry-title mb-0\">\n            Blog          <\/h1>\n        <\/div>\n                    <div class=\"title-content flex-col flex-right text-right medium-text-center\">\n        <div class=\"title-breadcrumbs pb-half pt-half\"><nav class=\"woocommerce-breadcrumb breadcrumbs uppercase\" data-no-translation=\"\" data-trp-gettext=\"\">Startseite<\/nav><\/div>      <\/div>\n    <\/div>\n\n       <\/div>\n    <\/div>\n  \n\n<div class=\"slider-wrapper relative\" id=\"slider-555390111\" >\n    <div class=\"slider slider-nav-circle slider-nav-large slider-nav-light slider-style-normal\"\n        data-flickity-options='{            \"cellAlign\": \"center\",            \"imagesLoaded\": true,            \"lazyLoad\": 1,            \"freeScroll\": false,            \"wrapAround\": true,            \"autoPlay\": 6000,            \"pauseAutoPlayOnHover\" : true,            \"prevNextButtons\": true,            \"contain\" : true,            \"adaptiveHeight\" : true,            \"dragThreshold\" : 10,            \"percentPosition\": true,            \"pageDots\": true,            \"rightToLeft\": false,            \"draggable\": true,            \"selectedAttraction\": 0.1,            \"parallax\" : 0,            \"friction\": 0.6        }'\n        >\n        \n\n\t<div class=\"img has-hover x md-x lg-x y md-y lg-y\" id=\"image_1466630394\">\n\t\t\t\t\t\t\t\t<div class=\"img-inner image-cover dark\" style=\"padding-top:200px;margin:0px 0px 50px 0px;\">\n\t\t\t<img loading=\"lazy\" decoding=\"async\" width=\"800\" height=\"800\" src=\"https:\/\/www.gen200.com\/wp-content\/uploads\/2025\/05\/expo-intro-800x800.jpg\" class=\"attachment-large size-large\" alt=\"\" srcset=\"https:\/\/www.gen200.com\/wp-content\/uploads\/2025\/05\/expo-intro-800x800.jpg 800w, https:\/\/www.gen200.com\/wp-content\/uploads\/2025\/05\/expo-intro-400x400.jpg 400w, https:\/\/www.gen200.com\/wp-content\/uploads\/2025\/05\/expo-intro-280x280.jpg 280w, https:\/\/www.gen200.com\/wp-content\/uploads\/2025\/05\/expo-intro-768x768.jpg 768w, https:\/\/www.gen200.com\/wp-content\/uploads\/2025\/05\/expo-intro.jpg 900w\" sizes=\"auto, (max-width: 800px) 100vw, 800px\" \/>\t\t\t\t\t\t\n\t\t\t\t\t<\/div>\n\t\t\t\t\t\t\t\t\n<style>\n#image_1466630394 {\n  width: 100%;\n}\n<\/style>\n\t<\/div>\n\t\n\n\n     <\/div>\n\n     <div class=\"loading-spin dark large centered\"><\/div>\n\n\t<\/div>\n\n\n\n  \n    <div id=\"row-652902634\" class=\"row large-columns-3 medium-columns- small-columns-1 has-shadow row-box-shadow-2 row-masonry\" data-packery-options='{\"itemSelector\": \".col\", \"gutter\": 0, \"presentageWidth\" : true}'>\n\n  <div class=\"col post-item\" >\n\t\t\t<div class=\"col-inner\">\n\t\t\t\t<div class=\"box box-normal box-text-bottom box-blog-post has-hover\">\n            \t\t\t\t\t<div class=\"box-image\" >\n  \t\t\t\t\t\t<div class=\"image-cover\" style=\"padding-top:180px;\">\n\t\t\t\t\t\t\t<a href=\"https:\/\/www.gen200.com\/de\/2025\/07\/22\/clone-with-confidence-pre-soak-with-rhodos-by-gen200\/\" class=\"plain\" aria-label=\"Klonen mit Zuversicht: Vorw\u00e4ssern mit Rhodos von Gen200\">\n\t\t\t\t\t\t\t\t<img loading=\"lazy\" decoding=\"async\" width=\"714\" height=\"400\" src=\"https:\/\/www.gen200.com\/wp-content\/uploads\/2025\/05\/Clones-Gen200-714x400.png\" class=\"attachment-medium size-medium wp-post-image\" alt=\"\" srcset=\"https:\/\/www.gen200.com\/wp-content\/uploads\/2025\/05\/Clones-Gen200-714x400.png 714w, https:\/\/www.gen200.com\/wp-content\/uploads\/2025\/05\/Clones-Gen200-1400x785.png 1400w, https:\/\/www.gen200.com\/wp-content\/uploads\/2025\/05\/Clones-Gen200-768x430.png 768w, https:\/\/www.gen200.com\/wp-content\/uploads\/2025\/05\/Clones-Gen200-600x336.png 600w, https:\/\/www.gen200.com\/wp-content\/uploads\/2025\/05\/Clones-Gen200.png 1456w\" sizes=\"auto, (max-width: 714px) 100vw, 714px\" \/>\t\t\t\t\t\t\t<\/a>\n  \t\t\t\t\t\t\t  \t\t\t\t\t\t\t  \t\t\t\t\t\t<\/div>\n  \t\t\t\t\t\t  \t\t\t\t\t<\/div>\n          \t\t\t\t\t<div class=\"box-text text-center\" style=\"background-color:rgb(250, 250, 250);\">\n\t\t\t\t\t<div class=\"box-text-inner blog-post-inner\">\n\n\t\t\t\t\t\n\t\t\t\t\t\t\t\t\t\t<h5 class=\"post-title is-large\">\n\t\t\t\t\t\t<a href=\"https:\/\/www.gen200.com\/de\/2025\/07\/22\/clone-with-confidence-pre-soak-with-rhodos-by-gen200\/\" class=\"plain\">Klonen mit Zuversicht: Vorw\u00e4ssern mit Rhodos von Gen200<\/a>\n\t\t\t\t\t<\/h5>\n\t\t\t\t\t\t\t\t\t\t<div class=\"is-divider\"><\/div>\n\t\t\t\t\t\t\t\t\t\t<p class=\"from_the_blog_excerpt\">\n\t\t\t\t\t\tKlonen mit Zuversicht: Pre-Soak mit Rhodos von Gen200Erfolgreiches Klonen beginnt lange vor dem Schnitt [...]\t\t\t\t\t<\/p>\n\t\t\t\t\t                    \n\t\t\t\t\t\n\t\t\t\t\t\n\t\t\t\t\t<\/div>\n\t\t\t\t\t<\/div>\n\t\t\t\t\t\t\t\t\t\t\t\t\t\t\t\t<div class=\"badge absolute top post-date badge-outline\">\n\t\t\t\t\t\t\t<div class=\"badge-inner\">\n\t\t\t\t\t\t\t\t<span class=\"post-date-day\">22<\/span><br>\n\t\t\t\t\t\t\t\t<span class=\"post-date-month is-xsmall\">Juli<\/span>\n\t\t\t\t\t\t\t<\/div>\n\t\t\t\t\t\t<\/div>\n\t\t\t\t\t\t\t\t\t<\/div>\n\t\t\t<\/div>\n\t\t<\/div><div class=\"col post-item\" >\n\t\t\t<div class=\"col-inner\">\n\t\t\t\t<div class=\"box box-normal box-text-bottom box-blog-post has-hover\">\n            \t\t\t\t\t<div class=\"box-image\" >\n  \t\t\t\t\t\t<div class=\"image-cover\" style=\"padding-top:180px;\">\n\t\t\t\t\t\t\t<a href=\"https:\/\/www.gen200.com\/de\/2025\/07\/22\/gen200-control-supports-through-every-stage-of-plant-growth\/\" class=\"plain\" aria-label=\"Gen200 Control unterst\u00fctzt in jeder Phase des Pflanzenwachstums!\">\n\t\t\t\t\t\t\t\t<img loading=\"lazy\" decoding=\"async\" width=\"702\" height=\"400\" src=\"https:\/\/www.gen200.com\/wp-content\/uploads\/2025\/07\/41a1e0777a2aecb742ce54faf91ed636-702x400.jpg\" class=\"attachment-medium size-medium wp-post-image\" alt=\"\" srcset=\"https:\/\/www.gen200.com\/wp-content\/uploads\/2025\/07\/41a1e0777a2aecb742ce54faf91ed636-702x400.jpg 702w, https:\/\/www.gen200.com\/wp-content\/uploads\/2025\/07\/41a1e0777a2aecb742ce54faf91ed636-768x437.jpg 768w, https:\/\/www.gen200.com\/wp-content\/uploads\/2025\/07\/41a1e0777a2aecb742ce54faf91ed636-600x342.jpg 600w, https:\/\/www.gen200.com\/wp-content\/uploads\/2025\/07\/41a1e0777a2aecb742ce54faf91ed636.jpg 1203w\" sizes=\"auto, (max-width: 702px) 100vw, 702px\" \/>\t\t\t\t\t\t\t<\/a>\n  \t\t\t\t\t\t\t  \t\t\t\t\t\t\t  \t\t\t\t\t\t<\/div>\n  \t\t\t\t\t\t  \t\t\t\t\t<\/div>\n          \t\t\t\t\t<div class=\"box-text text-center\" style=\"background-color:rgb(250, 250, 250);\">\n\t\t\t\t\t<div class=\"box-text-inner blog-post-inner\">\n\n\t\t\t\t\t\n\t\t\t\t\t\t\t\t\t\t<h5 class=\"post-title is-large\">\n\t\t\t\t\t\t<a href=\"https:\/\/www.gen200.com\/de\/2025\/07\/22\/gen200-control-supports-through-every-stage-of-plant-growth\/\" class=\"plain\">Gen200 Control unterst\u00fctzt in jeder Phase des Pflanzenwachstums!<\/a>\n\t\t\t\t\t<\/h5>\n\t\t\t\t\t\t\t\t\t\t<div class=\"is-divider\"><\/div>\n\t\t\t\t\t\t\t\t\t\t<p class=\"from_the_blog_excerpt\">\n\t\t\t\t\t\tGen200 Kontrolle: Unterst\u00fctzung f\u00fcr Ihre Pflanzen von der Wurzel bis zur Ernte Wenn es um Hochleistungsanbau geht, [...]\t\t\t\t\t<\/p>\n\t\t\t\t\t                    \n\t\t\t\t\t\n\t\t\t\t\t\n\t\t\t\t\t<\/div>\n\t\t\t\t\t<\/div>\n\t\t\t\t\t\t\t\t\t\t\t\t\t\t\t\t<div class=\"badge absolute top post-date badge-outline\">\n\t\t\t\t\t\t\t<div class=\"badge-inner\">\n\t\t\t\t\t\t\t\t<span class=\"post-date-day\">22<\/span><br>\n\t\t\t\t\t\t\t\t<span class=\"post-date-month is-xsmall\">Juli<\/span>\n\t\t\t\t\t\t\t<\/div>\n\t\t\t\t\t\t<\/div>\n\t\t\t\t\t\t\t\t\t<\/div>\n\t\t\t<\/div>\n\t\t<\/div><div class=\"col post-item\" >\n\t\t\t<div class=\"col-inner\">\n\t\t\t\t<div class=\"box box-normal box-text-bottom box-blog-post has-hover\">\n            \t\t\t\t\t<div class=\"box-image\" >\n  \t\t\t\t\t\t<div class=\"image-cover\" style=\"padding-top:180px;\">\n\t\t\t\t\t\t\t<a href=\"https:\/\/www.gen200.com\/de\/2025\/07\/22\/boost-your-plants-defense-with-a-gen200-control-foliar-spray\/\" class=\"plain\" aria-label=\"St\u00e4rken Sie die Abwehrkr\u00e4fte Ihrer Pflanzen mit einem Gen200 Control Blattspray\">\n\t\t\t\t\t\t\t\t<img loading=\"lazy\" decoding=\"async\" width=\"711\" height=\"400\" src=\"https:\/\/www.gen200.com\/wp-content\/uploads\/2025\/07\/Spraying-cannabis-plant-in-outdoor-field-711x400.webp\" class=\"attachment-medium size-medium wp-post-image\" alt=\"\" srcset=\"https:\/\/www.gen200.com\/wp-content\/uploads\/2025\/07\/Spraying-cannabis-plant-in-outdoor-field-711x400.webp 711w, https:\/\/www.gen200.com\/wp-content\/uploads\/2025\/07\/Spraying-cannabis-plant-in-outdoor-field-768x432.webp 768w, https:\/\/www.gen200.com\/wp-content\/uploads\/2025\/07\/Spraying-cannabis-plant-in-outdoor-field-600x338.webp 600w, https:\/\/www.gen200.com\/wp-content\/uploads\/2025\/07\/Spraying-cannabis-plant-in-outdoor-field.webp 1024w\" sizes=\"auto, (max-width: 711px) 100vw, 711px\" \/>\t\t\t\t\t\t\t<\/a>\n  \t\t\t\t\t\t\t  \t\t\t\t\t\t\t  \t\t\t\t\t\t<\/div>\n  \t\t\t\t\t\t  \t\t\t\t\t<\/div>\n          \t\t\t\t\t<div class=\"box-text text-center\" style=\"background-color:rgb(250, 250, 250);\">\n\t\t\t\t\t<div class=\"box-text-inner blog-post-inner\">\n\n\t\t\t\t\t\n\t\t\t\t\t\t\t\t\t\t<h5 class=\"post-title is-large\">\n\t\t\t\t\t\t<a href=\"https:\/\/www.gen200.com\/de\/2025\/07\/22\/boost-your-plants-defense-with-a-gen200-control-foliar-spray\/\" class=\"plain\">St\u00e4rken Sie die Abwehrkr\u00e4fte Ihrer Pflanzen mit einem Gen200 Control Blattspray<\/a>\n\t\t\t\t\t<\/h5>\n\t\t\t\t\t\t\t\t\t\t<div class=\"is-divider\"><\/div>\n\t\t\t\t\t\t\t\t\t\t<p class=\"from_the_blog_excerpt\">\n\t\t\t\t\t\tWenn es darum geht, Ihre Pflanzen gesund und widerstandsf\u00e4hig zu halten, ist Pr\u00e4vention der Schl\u00fcssel. Das ist der Punkt, an dem [...]\t\t\t\t\t<\/p>\n\t\t\t\t\t                    \n\t\t\t\t\t\n\t\t\t\t\t\n\t\t\t\t\t<\/div>\n\t\t\t\t\t<\/div>\n\t\t\t\t\t\t\t\t\t\t\t\t\t\t\t\t<div class=\"badge absolute top post-date badge-outline\">\n\t\t\t\t\t\t\t<div class=\"badge-inner\">\n\t\t\t\t\t\t\t\t<span class=\"post-date-day\">22<\/span><br>\n\t\t\t\t\t\t\t\t<span class=\"post-date-month is-xsmall\">Juli<\/span>\n\t\t\t\t\t\t\t<\/div>\n\t\t\t\t\t\t<\/div>\n\t\t\t\t\t\t\t\t\t<\/div>\n\t\t\t<\/div>\n\t\t<\/div><div class=\"col post-item\" >\n\t\t\t<div class=\"col-inner\">\n\t\t\t\t<div class=\"box box-normal box-text-bottom box-blog-post has-hover\">\n            \t\t\t\t\t<div class=\"box-image\" >\n  \t\t\t\t\t\t<div class=\"image-cover\" style=\"padding-top:180px;\">\n\t\t\t\t\t\t\t<a href=\"https:\/\/www.gen200.com\/de\/2025\/07\/16\/how-gen200-control-helps-extend-the-shelf-life-of-fruits-and-vegetables\/\" class=\"plain\" aria-label=\"Wie die GEN200-Kontrolle dazu beitr\u00e4gt, die Haltbarkeit von Obst und Gem\u00fcse zu verl\u00e4ngern.\">\n\t\t\t\t\t\t\t\t<img loading=\"lazy\" decoding=\"async\" width=\"600\" height=\"400\" src=\"https:\/\/www.gen200.com\/wp-content\/uploads\/2025\/05\/Control-600x400.jpg\" class=\"attachment-medium size-medium wp-post-image\" alt=\"\" srcset=\"https:\/\/www.gen200.com\/wp-content\/uploads\/2025\/05\/Control-600x400.jpg 600w, https:\/\/www.gen200.com\/wp-content\/uploads\/2025\/05\/Control-1200x800.jpg 1200w, https:\/\/www.gen200.com\/wp-content\/uploads\/2025\/05\/Control-768x512.jpg 768w, https:\/\/www.gen200.com\/wp-content\/uploads\/2025\/05\/Control-1536x1024.jpg 1536w, https:\/\/www.gen200.com\/wp-content\/uploads\/2025\/05\/Control-2048x1365.jpg 2048w\" sizes=\"auto, (max-width: 600px) 100vw, 600px\" \/>\t\t\t\t\t\t\t<\/a>\n  \t\t\t\t\t\t\t  \t\t\t\t\t\t\t  \t\t\t\t\t\t<\/div>\n  \t\t\t\t\t\t  \t\t\t\t\t<\/div>\n          \t\t\t\t\t<div class=\"box-text text-center\" style=\"background-color:rgb(250, 250, 250);\">\n\t\t\t\t\t<div class=\"box-text-inner blog-post-inner\">\n\n\t\t\t\t\t\n\t\t\t\t\t\t\t\t\t\t<h5 class=\"post-title is-large\">\n\t\t\t\t\t\t<a href=\"https:\/\/www.gen200.com\/de\/2025\/07\/16\/how-gen200-control-helps-extend-the-shelf-life-of-fruits-and-vegetables\/\" class=\"plain\">Wie die GEN200-Kontrolle dazu beitr\u00e4gt, die Haltbarkeit von Obst und Gem\u00fcse zu verl\u00e4ngern.<\/a>\n\t\t\t\t\t<\/h5>\n\t\t\t\t\t\t\t\t\t\t<div class=\"is-divider\"><\/div>\n\t\t\t\t\t\t\t\t\t\t<p class=\"from_the_blog_excerpt\">\n\t\t\t\t\t\tAuf dem heutigen globalen Markt erwarten die Verbraucher frisches, hochwertiges Obst und Gem\u00fcse - unabh\u00e4ngig von der Jahreszeit [...]\t\t\t\t\t<\/p>\n\t\t\t\t\t                    \n\t\t\t\t\t\n\t\t\t\t\t\n\t\t\t\t\t<\/div>\n\t\t\t\t\t<\/div>\n\t\t\t\t\t\t\t\t\t\t\t\t\t\t\t\t<div class=\"badge absolute top post-date badge-outline\">\n\t\t\t\t\t\t\t<div class=\"badge-inner\">\n\t\t\t\t\t\t\t\t<span class=\"post-date-day\">16<\/span><br>\n\t\t\t\t\t\t\t\t<span class=\"post-date-month is-xsmall\">Juli<\/span>\n\t\t\t\t\t\t\t<\/div>\n\t\t\t\t\t\t<\/div>\n\t\t\t\t\t\t\t\t\t<\/div>\n\t\t\t<\/div>\n\t\t<\/div><div class=\"col post-item\" >\n\t\t\t<div class=\"col-inner\">\n\t\t\t\t<div class=\"box box-normal box-text-bottom box-blog-post has-hover\">\n            \t\t\t\t\t<div class=\"box-image\" >\n  \t\t\t\t\t\t<div class=\"image-cover\" style=\"padding-top:180px;\">\n\t\t\t\t\t\t\t<a href=\"https:\/\/www.gen200.com\/de\/2025\/07\/16\/understanding-the-silicon-paradox\/\" class=\"plain\" aria-label=\"Das Silizium-Paradoxon verstehen.\">\n\t\t\t\t\t\t\t\t<img loading=\"lazy\" decoding=\"async\" width=\"711\" height=\"400\" src=\"https:\/\/www.gen200.com\/wp-content\/uploads\/2025\/07\/Cannabis_under_LEDs-711x400.webp\" class=\"attachment-medium size-medium wp-post-image\" alt=\"\" srcset=\"https:\/\/www.gen200.com\/wp-content\/uploads\/2025\/07\/Cannabis_under_LEDs-711x400.webp 711w, https:\/\/www.gen200.com\/wp-content\/uploads\/2025\/07\/Cannabis_under_LEDs-1400x788.webp 1400w, https:\/\/www.gen200.com\/wp-content\/uploads\/2025\/07\/Cannabis_under_LEDs-768x432.webp 768w, https:\/\/www.gen200.com\/wp-content\/uploads\/2025\/07\/Cannabis_under_LEDs-1536x864.webp 1536w, https:\/\/www.gen200.com\/wp-content\/uploads\/2025\/07\/Cannabis_under_LEDs-600x338.webp 600w, https:\/\/www.gen200.com\/wp-content\/uploads\/2025\/07\/Cannabis_under_LEDs.webp 1920w\" sizes=\"auto, (max-width: 711px) 100vw, 711px\" \/>\t\t\t\t\t\t\t<\/a>\n  \t\t\t\t\t\t\t  \t\t\t\t\t\t\t  \t\t\t\t\t\t<\/div>\n  \t\t\t\t\t\t  \t\t\t\t\t<\/div>\n          \t\t\t\t\t<div class=\"box-text text-center\" style=\"background-color:rgb(250, 250, 250);\">\n\t\t\t\t\t<div class=\"box-text-inner blog-post-inner\">\n\n\t\t\t\t\t\n\t\t\t\t\t\t\t\t\t\t<h5 class=\"post-title is-large\">\n\t\t\t\t\t\t<a href=\"https:\/\/www.gen200.com\/de\/2025\/07\/16\/understanding-the-silicon-paradox\/\" class=\"plain\">Das Silizium-Paradoxon verstehen.<\/a>\n\t\t\t\t\t<\/h5>\n\t\t\t\t\t\t\t\t\t\t<div class=\"is-divider\"><\/div>\n\t\t\t\t\t\t\t\t\t\t<p class=\"from_the_blog_excerpt\">\n\t\t\t\t\t\tWenn es um die Ern\u00e4hrung der Pflanzen und die Gesundheit des Bodens geht, spielt Silizium eine entscheidende, aber oft [...]\t\t\t\t\t<\/p>\n\t\t\t\t\t                    \n\t\t\t\t\t\n\t\t\t\t\t\n\t\t\t\t\t<\/div>\n\t\t\t\t\t<\/div>\n\t\t\t\t\t\t\t\t\t\t\t\t\t\t\t\t<div class=\"badge absolute top post-date badge-outline\">\n\t\t\t\t\t\t\t<div class=\"badge-inner\">\n\t\t\t\t\t\t\t\t<span class=\"post-date-day\">16<\/span><br>\n\t\t\t\t\t\t\t\t<span class=\"post-date-month is-xsmall\">Juli<\/span>\n\t\t\t\t\t\t\t<\/div>\n\t\t\t\t\t\t<\/div>\n\t\t\t\t\t\t\t\t\t<\/div>\n\t\t\t<\/div>\n\t\t<\/div><div class=\"col post-item\" >\n\t\t\t<div class=\"col-inner\">\n\t\t\t\t<div class=\"box box-normal box-text-bottom box-blog-post has-hover\">\n            \t\t\t\t\t<div class=\"box-image\" >\n  \t\t\t\t\t\t<div class=\"image-cover\" style=\"padding-top:180px;\">\n\t\t\t\t\t\t\t<a href=\"https:\/\/www.gen200.com\/de\/2025\/07\/16\/how-gen200-control-regulates-plant-height-through-silicon-uptake\/\" class=\"plain\" aria-label=\"Wie die GEN200-Kontrolle die Pflanzenh\u00f6he durch die Aufnahme von Silizium reguliert.\">\n\t\t\t\t\t\t\t\t<img loading=\"lazy\" decoding=\"async\" width=\"705\" height=\"400\" src=\"https:\/\/www.gen200.com\/wp-content\/uploads\/2025\/07\/bg_b54d4716f3fa3cbedd85df69e6f0d59f-705x400.png\" class=\"attachment-medium size-medium wp-post-image\" alt=\"\" srcset=\"https:\/\/www.gen200.com\/wp-content\/uploads\/2025\/07\/bg_b54d4716f3fa3cbedd85df69e6f0d59f-705x400.png 705w, https:\/\/www.gen200.com\/wp-content\/uploads\/2025\/07\/bg_b54d4716f3fa3cbedd85df69e6f0d59f-768x436.png 768w, https:\/\/www.gen200.com\/wp-content\/uploads\/2025\/07\/bg_b54d4716f3fa3cbedd85df69e6f0d59f-600x341.png 600w, https:\/\/www.gen200.com\/wp-content\/uploads\/2025\/07\/bg_b54d4716f3fa3cbedd85df69e6f0d59f.png 1200w\" sizes=\"auto, (max-width: 705px) 100vw, 705px\" \/>\t\t\t\t\t\t\t<\/a>\n  \t\t\t\t\t\t\t  \t\t\t\t\t\t\t  \t\t\t\t\t\t<\/div>\n  \t\t\t\t\t\t  \t\t\t\t\t<\/div>\n          \t\t\t\t\t<div class=\"box-text text-center\" style=\"background-color:rgb(250, 250, 250);\">\n\t\t\t\t\t<div class=\"box-text-inner blog-post-inner\">\n\n\t\t\t\t\t\n\t\t\t\t\t\t\t\t\t\t<h5 class=\"post-title is-large\">\n\t\t\t\t\t\t<a href=\"https:\/\/www.gen200.com\/de\/2025\/07\/16\/how-gen200-control-regulates-plant-height-through-silicon-uptake\/\" class=\"plain\">Wie die GEN200-Kontrolle die Pflanzenh\u00f6he durch die Aufnahme von Silizium reguliert.<\/a>\n\t\t\t\t\t<\/h5>\n\t\t\t\t\t\t\t\t\t\t<div class=\"is-divider\"><\/div>\n\t\t\t\t\t\t\t\t\t\t<p class=\"from_the_blog_excerpt\">\n\t\t\t\t\t\tEiner der Hauptvorteile von GEN200 Control liegt in seiner F\u00e4higkeit, die [...]\t\t\t\t\t<\/p>\n\t\t\t\t\t                    \n\t\t\t\t\t\n\t\t\t\t\t\n\t\t\t\t\t<\/div>\n\t\t\t\t\t<\/div>\n\t\t\t\t\t\t\t\t\t\t\t\t\t\t\t\t<div class=\"badge absolute top post-date badge-outline\">\n\t\t\t\t\t\t\t<div class=\"badge-inner\">\n\t\t\t\t\t\t\t\t<span class=\"post-date-day\">16<\/span><br>\n\t\t\t\t\t\t\t\t<span class=\"post-date-month is-xsmall\">Juli<\/span>\n\t\t\t\t\t\t\t<\/div>\n\t\t\t\t\t\t<\/div>\n\t\t\t\t\t\t\t\t\t<\/div>\n\t\t\t<\/div>\n\t\t<\/div><div class=\"col post-item\" >\n\t\t\t<div class=\"col-inner\">\n\t\t\t\t<div class=\"box box-normal box-text-bottom box-blog-post has-hover\">\n            \t\t\t\t\t<div class=\"box-image\" >\n  \t\t\t\t\t\t<div class=\"image-cover\" style=\"padding-top:180px;\">\n\t\t\t\t\t\t\t<a href=\"https:\/\/www.gen200.com\/de\/2025\/05\/28\/precision-nutrition-for-powerful-cloning\/\" class=\"plain\" aria-label=\"Pr\u00e4zise Ern\u00e4hrung f\u00fcr leistungsf\u00e4higes Klonen.\">\n\t\t\t\t\t\t\t\t<img loading=\"lazy\" decoding=\"async\" width=\"600\" height=\"400\" src=\"https:\/\/www.gen200.com\/wp-content\/uploads\/2025\/05\/gratifying-baby-cannabis-plant-curative-hemp-farm-medical-cannabis-goods-600x400.jpg\" class=\"attachment-medium size-medium wp-post-image\" alt=\"\" srcset=\"https:\/\/www.gen200.com\/wp-content\/uploads\/2025\/05\/gratifying-baby-cannabis-plant-curative-hemp-farm-medical-cannabis-goods-600x400.jpg 600w, https:\/\/www.gen200.com\/wp-content\/uploads\/2025\/05\/gratifying-baby-cannabis-plant-curative-hemp-farm-medical-cannabis-goods-1199x800.jpg 1199w, https:\/\/www.gen200.com\/wp-content\/uploads\/2025\/05\/gratifying-baby-cannabis-plant-curative-hemp-farm-medical-cannabis-goods-768x512.jpg 768w, https:\/\/www.gen200.com\/wp-content\/uploads\/2025\/05\/gratifying-baby-cannabis-plant-curative-hemp-farm-medical-cannabis-goods-1536x1025.jpg 1536w, https:\/\/www.gen200.com\/wp-content\/uploads\/2025\/05\/gratifying-baby-cannabis-plant-curative-hemp-farm-medical-cannabis-goods-2048x1366.jpg 2048w\" sizes=\"auto, (max-width: 600px) 100vw, 600px\" \/>\t\t\t\t\t\t\t<\/a>\n  \t\t\t\t\t\t\t  \t\t\t\t\t\t\t  \t\t\t\t\t\t<\/div>\n  \t\t\t\t\t\t  \t\t\t\t\t<\/div>\n          \t\t\t\t\t<div class=\"box-text text-center\" style=\"background-color:rgb(250, 250, 250);\">\n\t\t\t\t\t<div class=\"box-text-inner blog-post-inner\">\n\n\t\t\t\t\t\n\t\t\t\t\t\t\t\t\t\t<h5 class=\"post-title is-large\">\n\t\t\t\t\t\t<a href=\"https:\/\/www.gen200.com\/de\/2025\/05\/28\/precision-nutrition-for-powerful-cloning\/\" class=\"plain\">Pr\u00e4zise Ern\u00e4hrung f\u00fcr leistungsf\u00e4higes Klonen.<\/a>\n\t\t\t\t\t<\/h5>\n\t\t\t\t\t\t\t\t\t\t<div class=\"is-divider\"><\/div>\n\t\t\t\t\t\t\t\t\t\t<p class=\"from_the_blog_excerpt\">\n\t\t\t\t\t\tErfolgreiche Pflanzenvermehrung beginnt ganz am Anfang - mit gesunden, widerstandsf\u00e4higen Klonen. Das ist der Punkt, an dem Gen200 Rhodos [...]\t\t\t\t\t<\/p>\n\t\t\t\t\t                    \n\t\t\t\t\t\n\t\t\t\t\t\n\t\t\t\t\t<\/div>\n\t\t\t\t\t<\/div>\n\t\t\t\t\t\t\t\t\t\t\t\t\t\t\t\t<div class=\"badge absolute top post-date badge-outline\">\n\t\t\t\t\t\t\t<div class=\"badge-inner\">\n\t\t\t\t\t\t\t\t<span class=\"post-date-day\">28<\/span><br>\n\t\t\t\t\t\t\t\t<span class=\"post-date-month is-xsmall\">Mai<\/span>\n\t\t\t\t\t\t\t<\/div>\n\t\t\t\t\t\t<\/div>\n\t\t\t\t\t\t\t\t\t<\/div>\n\t\t\t<\/div>\n\t\t<\/div><div class=\"col post-item\" >\n\t\t\t<div class=\"col-inner\">\n\t\t\t\t<div class=\"box box-normal box-text-bottom box-blog-post has-hover\">\n            \t\t\t\t\t<div class=\"box-image\" >\n  \t\t\t\t\t\t<div class=\"image-cover\" style=\"padding-top:180px;\">\n\t\t\t\t\t\t\t<a href=\"https:\/\/www.gen200.com\/de\/2025\/04\/17\/your-crops-deserve\/\" class=\"plain\" aria-label=\"Die fl\u00fcssige Pflanzenversicherung, die Ihre Pflanzen verdienen!\">\n\t\t\t\t\t\t\t\t<img loading=\"lazy\" decoding=\"async\" width=\"600\" height=\"400\" src=\"https:\/\/www.gen200.com\/wp-content\/uploads\/2025\/05\/shutterstock_408204985-600x400.jpg\" class=\"attachment-medium size-medium wp-post-image\" alt=\"\" srcset=\"https:\/\/www.gen200.com\/wp-content\/uploads\/2025\/05\/shutterstock_408204985-600x400.jpg 600w, https:\/\/www.gen200.com\/wp-content\/uploads\/2025\/05\/shutterstock_408204985-1200x800.jpg 1200w, https:\/\/www.gen200.com\/wp-content\/uploads\/2025\/05\/shutterstock_408204985-768x512.jpg 768w, https:\/\/www.gen200.com\/wp-content\/uploads\/2025\/05\/shutterstock_408204985-1536x1024.jpg 1536w, https:\/\/www.gen200.com\/wp-content\/uploads\/2025\/05\/shutterstock_408204985-2048x1365.jpg 2048w\" sizes=\"auto, (max-width: 600px) 100vw, 600px\" \/>\t\t\t\t\t\t\t<\/a>\n  \t\t\t\t\t\t\t  \t\t\t\t\t\t\t  \t\t\t\t\t\t<\/div>\n  \t\t\t\t\t\t  \t\t\t\t\t<\/div>\n          \t\t\t\t\t<div class=\"box-text text-center\" style=\"background-color:rgb(250, 250, 250);\">\n\t\t\t\t\t<div class=\"box-text-inner blog-post-inner\">\n\n\t\t\t\t\t\n\t\t\t\t\t\t\t\t\t\t<h5 class=\"post-title is-large\">\n\t\t\t\t\t\t<a href=\"https:\/\/www.gen200.com\/de\/2025\/04\/17\/your-crops-deserve\/\" class=\"plain\">Die fl\u00fcssige Pflanzenversicherung, die Ihre Pflanzen verdienen!<\/a>\n\t\t\t\t\t<\/h5>\n\t\t\t\t\t\t\t\t\t\t<div class=\"is-divider\"><\/div>\n\t\t\t\t\t\t\t\t\t\t<p class=\"from_the_blog_excerpt\">\n\t\t\t\t\t\tWenn es darum geht, gesunde, ertragreiche Pflanzen zu z\u00fcchten - vor allem in Innenr\u00e4umen - gehen Schutz und Leistung Hand in Hand [...]\t\t\t\t\t<\/p>\n\t\t\t\t\t                    \n\t\t\t\t\t\n\t\t\t\t\t\n\t\t\t\t\t<\/div>\n\t\t\t\t\t<\/div>\n\t\t\t\t\t\t\t\t\t\t\t\t\t\t\t\t<div class=\"badge absolute top post-date badge-outline\">\n\t\t\t\t\t\t\t<div class=\"badge-inner\">\n\t\t\t\t\t\t\t\t<span class=\"post-date-day\">17<\/span><br>\n\t\t\t\t\t\t\t\t<span class=\"post-date-month is-xsmall\">Apr.<\/span>\n\t\t\t\t\t\t\t<\/div>\n\t\t\t\t\t\t<\/div>\n\t\t\t\t\t\t\t\t\t<\/div>\n\t\t\t<\/div>\n\t\t<\/div><\/div>\n\n<div class=\"row\"  id=\"row-1232260074\">\n\n\n\t<div id=\"col-640758896\" class=\"col small-12 large-12\"  >\n\t\t\t\t<div class=\"col-inner\"  >\n\t\t\t\n\t\t\t\n\n\t<div id=\"text-3587178480\" class=\"text\">\n\t\t\n\n<h1>Weitere Informationen finden Sie im Abschnitt Support<\/h1>\n\n\t\t\n<style>\n#text-3587178480 {\n  font-size: 1rem;\n  color: rgb(0,0,0);\n}\n#text-3587178480 > * {\n  color: rgb(0,0,0);\n}\n<\/style>\n\t<\/div>\n\t\n\t<div id=\"text-2971893341\" class=\"text\">\n\t\t\n\n<p>Hier finden Sie alle produktbezogenen Fragen, Antworten von Experten und die neuesten Tipps, Tricks und Anleitungen, damit Sie das Beste aus Ihren Erfahrungen herausholen k\u00f6nnen.<\/p>\n\n\t\t\n<style>\n#text-2971893341 {\n  font-size: 1.3rem;\n  color: rgb(0,0,0);\n}\n#text-2971893341 > * {\n  color: rgb(0,0,0);\n}\n<\/style>\n\t<\/div>\n\t\n<a href=\"https:\/\/www.gen200.com\/de\/support\/\" class=\"button primary\"  style=\"border-radius:99px;\">\n\t\t<span>Unterst\u00fctzung<\/span>\n\t<\/a>\n\n\n\n\t\t<\/div>\n\t\t\t\t\t<\/div>\n\n\t\n\n<\/div>","protected":false},"excerpt":{"rendered":"","protected":false},"author":2,"featured_media":0,"parent":0,"menu_order":0,"comment_status":"closed","ping_status":"closed","template":"","meta":{"footnotes":""},"class_list":["post-391","page","type-page","status-publish","hentry"],"_links":{"self":[{"href":"https:\/\/www.gen200.com\/de\/wp-json\/wp\/v2\/pages\/391","targetHints":{"allow":["GET"]}}],"collection":[{"href":"https:\/\/www.gen200.com\/de\/wp-json\/wp\/v2\/pages"}],"about":[{"href":"https:\/\/www.gen200.com\/de\/wp-json\/wp\/v2\/types\/page"}],"author":[{"embeddable":true,"href":"https:\/\/www.gen200.com\/de\/wp-json\/wp\/v2\/users\/2"}],"replies":[{"embeddable":true,"href":"https:\/\/www.gen200.com\/de\/wp-json\/wp\/v2\/comments?post=391"}],"version-history":[{"count":0,"href":"https:\/\/www.gen200.com\/de\/wp-json\/wp\/v2\/pages\/391\/revisions"}],"wp:attachment":[{"href":"https:\/\/www.gen200.com\/de\/wp-json\/wp\/v2\/media?parent=391"}],"curies":[{"name":"wp","href":"https:\/\/api.w.org\/{rel}","templated":true}]}}