{"id":312,"date":"2025-05-23T11:11:10","date_gmt":"2025-05-23T11:11:10","guid":{"rendered":"https:\/\/www.gen200.com\/?page_id=312"},"modified":"2025-07-22T07:32:45","modified_gmt":"2025-07-22T07:32:45","slug":"products","status":"publish","type":"page","link":"https:\/\/www.gen200.com\/de\/products\/","title":{"rendered":"Produkte"},"content":{"rendered":"<div id=\"page-header-1906347278\" class=\"page-header-wrapper\">\n  <div class=\"page-title dark featured-title\">\n\n    \n    <div class=\"page-title-inner container align-center flex-row medium-flex-wrap\" >\n              <div class=\"title-wrapper flex-col text-left medium-text-center\">\n          <h1 class=\"entry-title mb-0\">\n            Produkte          <\/h1>\n        <\/div>\n                    <div class=\"title-content flex-col flex-right text-right medium-text-center\">\n        <div class=\"title-breadcrumbs pb-half pt-half\"><nav class=\"woocommerce-breadcrumb breadcrumbs uppercase\" data-no-translation=\"\" data-trp-gettext=\"\">Startseite<\/nav><\/div>      <\/div>\n    <\/div>\n\n       <\/div>\n    <\/div>\n  \n\n\n  <div class=\"banner has-hover bg-zoom\" id=\"banner-967749481\">\n          <div class=\"banner-inner fill\">\n        <div class=\"banner-bg fill\" >\n            <img loading=\"lazy\" decoding=\"async\" width=\"1020\" height=\"638\" src=\"https:\/\/www.gen200.com\/wp-content\/uploads\/2025\/05\/Rhodos-cloning-1280x800.jpg\" class=\"bg attachment-large size-large\" alt=\"\" \/>                        <div class=\"overlay\"><\/div>            \n                    <\/div>\n\t\t\n        <div class=\"banner-layers container\">\n            <div class=\"fill banner-link\"><\/div>            \n\n   <div id=\"text-box-726980711\" class=\"text-box banner-layer x5 md-x5 lg-x5 y50 md-y50 lg-y50 res-text\">\n                                <div class=\"text-box-content text dark\">\n              \n              <div class=\"text-inner text-left\">\n                  \n\n\t<div id=\"text-942694679\" class=\"text\">\n\t\t\n\n<h2><span style=\"font-size: 150%;\">Entworfen f\u00fcr die<br \/>Hochertragsanbauer<\/span><\/h2>\n\t\t\n<style>\n#text-942694679 {\n  font-size: 0.75rem;\n  color: rgb(255,255,255);\n}\n#text-942694679 > * {\n  color: rgb(255,255,255);\n}\n<\/style>\n\t<\/div>\n\t\n<h3>Einfach &amp; Effizient<\/h3>\n\n              <\/div>\n           <\/div>\n                            \n<style>\n#text-box-726980711 {\n  width: 60%;\n}\n#text-box-726980711 .text-box-content {\n  font-size: 100%;\n}\n@media (min-width:550px) {\n  #text-box-726980711 {\n    width: 51%;\n  }\n}\n<\/style>\n    <\/div>\n \n\n        <\/div>\n      <\/div>\n\n            \n<style>\n#banner-967749481 {\n  padding-top: 300px;\n}\n#banner-967749481 .overlay {\n  background-color: rgba(0, 0, 0, 0.31);\n}\n<\/style>\n  <\/div>\n\n\n<div class=\"row row-large align-middle align-center\"  id=\"row-1062763771\">\n\n\n\t<div id=\"col-517860754\" class=\"col medium-6 small-12 large-6\"  >\n\t\t\t\t<div class=\"col-inner box-shadow-2 box-shadow-5-hover\" style=\"background-color:rgb(255, 255, 255);\" >\n\t\t\t\n\t\t\t\n\n\t<div class=\"img has-hover x md-x lg-x y md-y lg-y\" id=\"image_1628231433\">\n\t\t\t\t\t\t\t\t<div class=\"img-inner dark\" >\n\t\t\t<img loading=\"lazy\" decoding=\"async\" width=\"800\" height=\"800\" src=\"https:\/\/www.gen200.com\/wp-content\/uploads\/2025\/05\/Control-all-800x800.jpg\" class=\"attachment-large size-large\" alt=\"\" srcset=\"https:\/\/www.gen200.com\/wp-content\/uploads\/2025\/05\/Control-all-800x800.jpg 800w, https:\/\/www.gen200.com\/wp-content\/uploads\/2025\/05\/Control-all-400x400.jpg 400w, https:\/\/www.gen200.com\/wp-content\/uploads\/2025\/05\/Control-all-280x280.jpg 280w, https:\/\/www.gen200.com\/wp-content\/uploads\/2025\/05\/Control-all-768x768.jpg 768w, https:\/\/www.gen200.com\/wp-content\/uploads\/2025\/05\/Control-all-300x300.jpg 300w, https:\/\/www.gen200.com\/wp-content\/uploads\/2025\/05\/Control-all-600x600.jpg 600w, https:\/\/www.gen200.com\/wp-content\/uploads\/2025\/05\/Control-all-100x100.jpg 100w, https:\/\/www.gen200.com\/wp-content\/uploads\/2025\/05\/Control-all.jpg 960w\" sizes=\"auto, (max-width: 800px) 100vw, 800px\" \/>\t\t\t\t\t\t\n\t\t\t\t\t<\/div>\n\t\t\t\t\t\t\t\t\n<style>\n#image_1628231433 {\n  width: 100%;\n}\n<\/style>\n\t<\/div>\n\t\n\n\n\t\t<\/div>\n\t\t\t\t\t<\/div>\n\n\t\n\n\t<div id=\"col-2024763334\" class=\"col medium-6 small-12 large-6\"  >\n\t\t\t\t<div class=\"col-inner text-center\"  >\n\t\t\t\n\t\t\t\n\n\t<div id=\"text-1302559874\" class=\"text\">\n\t\t\n\n<h1>Die erste, die beste,<br \/>die urspr\u00fcngliche \"OSA<\/h1>\n\t\t\n<style>\n#text-1302559874 {\n  font-size: 2.2rem;\n  text-align: left;\n  color: rgb(0,0,0);\n}\n#text-1302559874 > * {\n  color: rgb(0,0,0);\n}\n<\/style>\n\t<\/div>\n\t\n\t<div id=\"text-3810687320\" class=\"text\">\n\t\t\n\n<h4><strong>Gen200 wurde 2012 mit der Einf\u00fchrung von Control, der Original OSA (SiOH4)-Formel, eingef\u00fchrt.<\/strong><\/h4>\n<p>Entwickelt f\u00fcr den Innenanbau von Blumen und Fr\u00fcchten, wurden die Vorteile unserer eigenen Orthokiesels\u00e4ure-Rezeptur schnell auch von Heimg\u00e4rtnern angenommen.<\/p>\n<p>Gen200 Control sorgt f\u00fcr die Regulierung des Wachstums der Pflanzen und ihres nat\u00fcrlichen Abwehrsystems. Dies sorgt daf\u00fcr, dass die Pflanzen widerstandsf\u00e4higer gegen Krankheiten und Belastungen wie extreme Hitze und K\u00e4lte sind. Ihre Pflanzen wurzeln schneller, entwickeln st\u00e4rkere St\u00e4ngel und Bl\u00e4tter, was zu kr\u00e4ftigeren Pflanzen und gr\u00f6\u00dferen Ertr\u00e4gen f\u00fchrt.<\/p>\n\t\t\n<style>\n#text-3810687320 {\n  font-size: 1rem;\n  text-align: left;\n  color: rgb(0,0,0);\n}\n#text-3810687320 > * {\n  color: rgb(0,0,0);\n}\n<\/style>\n\t<\/div>\n\t\n<a href=\"https:\/\/www.gen200.com\/de\/produkt\/gen200-control\/\" class=\"button primary\"  style=\"border-radius:99px;\">\n\t\t<span>Mehr Informationen zum Produkt<\/span>\n\t<\/a>\n\n\n<a href=\"https:\/\/www.gen200.com\/wp-content\/uploads\/2025\/07\/TDS_Gen200_Control.pdf\" class=\"button primary\"  style=\"border-radius:99px;\">\n\t\t<span>Datenblatt herunterladen<\/span>\n\t<\/a>\n\n\n\n\t\t<\/div>\n\t\t\t\t\t<\/div>\n\n\t\n\n<\/div>\n<div class=\"row row-large align-middle align-center\"  id=\"row-623178344\">\n\n\n\t<div id=\"col-2087578743\" class=\"col medium-6 small-12 large-6\"  >\n\t\t\t\t<div class=\"col-inner text-center\"  >\n\t\t\t\n\t\t\t\n\n<span class=\"scroll-to\" data-label=\"Scroll to: #Rhodos\" data-bullet=\"true\" data-link=\"#Rhodos\" data-title=\"Rhodos\" ><a name=\"Rhodos\"><\/a><\/span>\n\n\t<div id=\"text-3139928097\" class=\"text\">\n\t\t\n\n<h1>Konzentrierter Pflanzend\u00fcnger<\/h1>\n\t\t\n<style>\n#text-3139928097 {\n  font-size: 2.2rem;\n  text-align: left;\n  color: rgb(0,0,0);\n}\n#text-3139928097 > * {\n  color: rgb(0,0,0);\n}\n<\/style>\n\t<\/div>\n\t\n\t<div id=\"text-236079503\" class=\"text\">\n\t\t\n\n<p>\u00a0Rhodos Grow wurde speziell f\u00fcr die vegetative Wachstumsphase von Pflanzen entwickelt und f\u00f6rdert \u00fcppiges und kr\u00e4ftiges Wachstum. Die leistungsstarke Formel liefert eine optimale Mischung aus Stickstoff, Phosphor und Kalium sowie essenziellen Spurenelementen, die zu mehr Biomasse, besserer Blattentwicklung und erh\u00f6hter Photosynthesekapazit\u00e4t beitragen. Ob drinnen oder drau\u00dfen \u2013 Rhodos Grow versorgt Ihre Pflanzen w\u00e4hrend der Wachstumsphase mit allen notwendigen N\u00e4hrstoffen.<\/p>\n\t\t\n<style>\n#text-236079503 {\n  text-align: left;\n  color: rgb(0,0,0);\n}\n#text-236079503 > * {\n  color: rgb(0,0,0);\n}\n<\/style>\n\t<\/div>\n\t\n<a href=\"https:\/\/www.gen200.com\/de\/produkt\/rhodos-grow\/\" class=\"button primary\"  style=\"border-radius:99px;\">\n\t\t<span>Mehr Informationen zum Produkt<\/span>\n\t<\/a>\n\n\n<a href=\"https:\/\/www.gen200.com\/wp-content\/uploads\/2025\/07\/TDS_Rhodos_Grow.pdf\" class=\"button primary\"  style=\"border-radius:99px;\">\n\t\t<span>Datenblatt herunterladen<\/span>\n\t<\/a>\n\n\n\n\t\t<\/div>\n\t\t\t\t\t<\/div>\n\n\t\n\n\t<div id=\"col-1671113772\" class=\"col medium-6 small-12 large-6\"  >\n\t\t\t\t<div class=\"col-inner box-shadow-2 box-shadow-5-hover\" style=\"background-color:#ffffff;\" >\n\t\t\t\n\t\t\t\n\n\t<div class=\"img has-hover x md-x lg-x y md-y lg-y\" id=\"image_810145077\">\n\t\t\t\t\t\t\t\t<div class=\"img-inner image-cover dark\" style=\"padding-top:100%;\">\n\t\t\t<img loading=\"lazy\" decoding=\"async\" width=\"800\" height=\"800\" src=\"https:\/\/www.gen200.com\/wp-content\/uploads\/2025\/05\/grow-10-800x800.jpg\" class=\"attachment-large size-large\" alt=\"\" srcset=\"https:\/\/www.gen200.com\/wp-content\/uploads\/2025\/05\/grow-10-800x800.jpg 800w, https:\/\/www.gen200.com\/wp-content\/uploads\/2025\/05\/grow-10-400x400.jpg 400w, https:\/\/www.gen200.com\/wp-content\/uploads\/2025\/05\/grow-10-280x280.jpg 280w, https:\/\/www.gen200.com\/wp-content\/uploads\/2025\/05\/grow-10-768x768.jpg 768w, https:\/\/www.gen200.com\/wp-content\/uploads\/2025\/05\/grow-10-300x300.jpg 300w, https:\/\/www.gen200.com\/wp-content\/uploads\/2025\/05\/grow-10-600x600.jpg 600w, https:\/\/www.gen200.com\/wp-content\/uploads\/2025\/05\/grow-10-100x100.jpg 100w, https:\/\/www.gen200.com\/wp-content\/uploads\/2025\/05\/grow-10.jpg 960w\" sizes=\"auto, (max-width: 800px) 100vw, 800px\" \/>\t\t\t\t\t\t\n\t\t\t\t\t<\/div>\n\t\t\t\t\t\t\t\t\n<style>\n#image_810145077 {\n  width: 100%;\n}\n<\/style>\n\t<\/div>\n\t\n\n\n\t\t<\/div>\n\t\t\t\t\t<\/div>\n\n\t\n\n<\/div>\n<div class=\"row row-large align-middle align-center\"  id=\"row-94051571\">\n\n\n\t<div id=\"col-1533148539\" class=\"col medium-6 small-12 large-6\"  >\n\t\t\t\t<div class=\"col-inner box-shadow-2 box-shadow-5-hover\" style=\"background-color:rgb(255, 255, 255);\" >\n\t\t\t\n\t\t\t\n\n\t<div class=\"img has-hover x md-x lg-x y md-y lg-y\" id=\"image_2111621310\">\n\t\t\t\t\t\t\t\t<div class=\"img-inner dark\" >\n\t\t\t<img loading=\"lazy\" decoding=\"async\" width=\"800\" height=\"800\" src=\"https:\/\/www.gen200.com\/wp-content\/uploads\/2025\/05\/base-10-800x800.jpg\" class=\"attachment-large size-large\" alt=\"\" srcset=\"https:\/\/www.gen200.com\/wp-content\/uploads\/2025\/05\/base-10-800x800.jpg 800w, https:\/\/www.gen200.com\/wp-content\/uploads\/2025\/05\/base-10-400x400.jpg 400w, https:\/\/www.gen200.com\/wp-content\/uploads\/2025\/05\/base-10-280x280.jpg 280w, https:\/\/www.gen200.com\/wp-content\/uploads\/2025\/05\/base-10-768x768.jpg 768w, https:\/\/www.gen200.com\/wp-content\/uploads\/2025\/05\/base-10-300x300.jpg 300w, https:\/\/www.gen200.com\/wp-content\/uploads\/2025\/05\/base-10-600x600.jpg 600w, https:\/\/www.gen200.com\/wp-content\/uploads\/2025\/05\/base-10-100x100.jpg 100w, https:\/\/www.gen200.com\/wp-content\/uploads\/2025\/05\/base-10.jpg 960w\" sizes=\"auto, (max-width: 800px) 100vw, 800px\" \/>\t\t\t\t\t\t\n\t\t\t\t\t<\/div>\n\t\t\t\t\t\t\t\t\n<style>\n#image_2111621310 {\n  width: 100%;\n}\n<\/style>\n\t<\/div>\n\t\n\n\n\t\t<\/div>\n\t\t\t\t\t<\/div>\n\n\t\n\n\t<div id=\"col-1074909700\" class=\"col medium-6 small-12 large-6\"  >\n\t\t\t\t<div class=\"col-inner text-center\"  >\n\t\t\t\n\t\t\t\n\n\t<div id=\"text-517724964\" class=\"text\">\n\t\t\n\n<h1>Konzentrierter Basisd\u00fcnger<\/h1>\n\t\t\n<style>\n#text-517724964 {\n  font-size: 2.2rem;\n  text-align: left;\n  color: rgb(0,0,0);\n}\n#text-517724964 > * {\n  color: rgb(0,0,0);\n}\n<\/style>\n\t<\/div>\n\t\n\t<div id=\"text-376381397\" class=\"text\">\n\t\t\n\n<p>Rhodos Base, die Basis der Rhodos-Produktlinie, ist eine umfassende N\u00e4hrstoffl\u00f6sung, die Pflanzen w\u00e4hrend ihres gesamten Lebenszyklus optimal unterst\u00fctzt. Diese vielseitige Formel mit hohem Stickstoffgehalt stellt sicher, dass Ihre Pflanzen vom S\u00e4mling bis zur Ernte alle essentiellen Makro- und Mikron\u00e4hrstoffe erhalten. Ihre sorgf\u00e4ltig abgestimmte Zusammensetzung f\u00f6rdert ein kr\u00e4ftiges Wurzelwachstum, st\u00e4rkt die Pflanzenstruktur und steigert die allgemeine Vitalit\u00e4t \u2013 f\u00fcr optimale Wachstumsbedingungen.<\/p>\n\t\t\n<style>\n#text-376381397 {\n  text-align: left;\n  color: rgb(0,0,0);\n}\n#text-376381397 > * {\n  color: rgb(0,0,0);\n}\n<\/style>\n\t<\/div>\n\t\n<a href=\"https:\/\/www.gen200.com\/de\/produkt\/rhodos-base\/\" class=\"button primary\"  style=\"border-radius:99px;\">\n\t\t<span>Mehr Informationen zum Produkt<\/span>\n\t<\/a>\n\n\n<a href=\"https:\/\/www.gen200.com\/wp-content\/uploads\/2025\/07\/TDS_Rhodos_Base.pdf\" class=\"button primary\"  style=\"border-radius:99px;\">\n\t\t<span>Datenblatt herunterladen<\/span>\n\t<\/a>\n\n\n\n\t\t<\/div>\n\t\t\t\t\t<\/div>\n\n\t\n\n<\/div>\n<div class=\"row row-large align-middle align-center\"  id=\"row-1771562892\">\n\n\n\t<div id=\"col-88749486\" class=\"col medium-6 small-12 large-6\"  >\n\t\t\t\t<div class=\"col-inner text-center\"  >\n\t\t\t\n\t\t\t\n\n\t<div id=\"text-78767649\" class=\"text\">\n\t\t\n\n<h1>Konzentrierter Bl\u00fchd\u00fcnger<\/h1>\n\t\t\n<style>\n#text-78767649 {\n  font-size: 2.2rem;\n  text-align: left;\n  color: rgb(0,0,0);\n}\n#text-78767649 > * {\n  color: rgb(0,0,0);\n}\n<\/style>\n\t<\/div>\n\t\n\t<div id=\"text-3208272830\" class=\"text\">\n\t\t\n\n<p>Wenn Ihre Pflanzen in die Bl\u00fcte- und Fruchtphase \u00fcbergehen, sorgt Rhodos Bloom mit gezielter N\u00e4hrstoffversorgung f\u00fcr eine \u00fcppige und farbenpr\u00e4chtige Bl\u00fctenpracht. Angereichert mit einem h\u00f6heren Phosphor- und Kaliumgehalt, unterst\u00fctzt es die Bl\u00fctenbildung, den Fruchtansatz und die Harzproduktion. Rhodos Bloom ist der Schl\u00fcssel, um das volle Ertragspotenzial Ihrer Pflanzen auszusch\u00f6pfen und so \u00fcberragende Ertr\u00e4ge und h\u00f6chste Qualit\u00e4t zu erzielen.<\/p>\n\t\t\n<style>\n#text-3208272830 {\n  text-align: left;\n  color: rgb(0,0,0);\n}\n#text-3208272830 > * {\n  color: rgb(0,0,0);\n}\n<\/style>\n\t<\/div>\n\t\n<a href=\"https:\/\/www.gen200.com\/de\/produkt\/rhodos-bloom\/\" class=\"button primary\"  style=\"border-radius:99px;\">\n\t\t<span>Mehr Informationen zum Produkt<\/span>\n\t<\/a>\n\n\n<a href=\"https:\/\/www.gen200.com\/wp-content\/uploads\/2025\/07\/TDS_Rhodos_Bloom.pdf\" class=\"button primary\"  style=\"border-radius:99px;\">\n\t\t<span>Datenblatt herunterladen<\/span>\n\t<\/a>\n\n\n\n\t\t<\/div>\n\t\t\t\t\t<\/div>\n\n\t\n\n\t<div id=\"col-1185659023\" class=\"col medium-6 small-12 large-6\"  >\n\t\t\t\t<div class=\"col-inner box-shadow-2 box-shadow-5-hover\" style=\"background-color:#ffffff;\" >\n\t\t\t\n\t\t\t\n\n\t<div class=\"img has-hover x md-x lg-x y md-y lg-y\" id=\"image_878292635\">\n\t\t\t\t\t\t\t\t<div class=\"img-inner image-cover dark\" style=\"padding-top:100%;\">\n\t\t\t<img loading=\"lazy\" decoding=\"async\" width=\"800\" height=\"800\" src=\"https:\/\/www.gen200.com\/wp-content\/uploads\/2025\/05\/bloom-10-800x800.jpg\" class=\"attachment-large size-large\" alt=\"\" srcset=\"https:\/\/www.gen200.com\/wp-content\/uploads\/2025\/05\/bloom-10-800x800.jpg 800w, https:\/\/www.gen200.com\/wp-content\/uploads\/2025\/05\/bloom-10-400x400.jpg 400w, https:\/\/www.gen200.com\/wp-content\/uploads\/2025\/05\/bloom-10-280x280.jpg 280w, https:\/\/www.gen200.com\/wp-content\/uploads\/2025\/05\/bloom-10-768x768.jpg 768w, https:\/\/www.gen200.com\/wp-content\/uploads\/2025\/05\/bloom-10-300x300.jpg 300w, https:\/\/www.gen200.com\/wp-content\/uploads\/2025\/05\/bloom-10-600x600.jpg 600w, https:\/\/www.gen200.com\/wp-content\/uploads\/2025\/05\/bloom-10-100x100.jpg 100w, https:\/\/www.gen200.com\/wp-content\/uploads\/2025\/05\/bloom-10.jpg 960w\" sizes=\"auto, (max-width: 800px) 100vw, 800px\" \/>\t\t\t\t\t\t\n\t\t\t\t\t<\/div>\n\t\t\t\t\t\t\t\t\n<style>\n#image_878292635 {\n  width: 100%;\n}\n<\/style>\n\t<\/div>\n\t\n\n\n\t\t<\/div>\n\t\t\t\t\t<\/div>\n\n\t\n\n<\/div>\n<div class=\"text-center\"><div class=\"is-divider divider clearfix\" style=\"max-width:1300px;height:2px;background-color:rgb(0, 0, 0);\"><\/div><\/div>\n\n\t<div id=\"gap-1413971185\" class=\"gap-element clearfix\" style=\"display:block; height:auto;\">\n\t\t\n<style>\n#gap-1413971185 {\n  padding-top: 50px;\n}\n<\/style>\n\t<\/div>\n\t\n\n<div class=\"row row-large align-middle align-center\"  id=\"row-1761643754\">\n\n\n\t<div id=\"col-1195728381\" class=\"col medium-6 small-12 large-6\"  >\n\t\t\t\t<div class=\"col-inner box-shadow-2 box-shadow-5-hover\" style=\"background-color:rgb(255, 255, 255);\" >\n\t\t\t\n\t\t\t\n\n\t<div class=\"img has-hover x md-x lg-x y md-y lg-y\" id=\"image_1394499832\">\n\t\t\t\t\t\t\t\t<div class=\"img-inner dark\" >\n\t\t\t<img loading=\"lazy\" decoding=\"async\" width=\"875\" height=\"800\" src=\"https:\/\/www.gen200.com\/wp-content\/uploads\/2025\/05\/schedule-mockup-2-1-875x800.jpg\" class=\"attachment-large size-large\" alt=\"\" srcset=\"https:\/\/www.gen200.com\/wp-content\/uploads\/2025\/05\/schedule-mockup-2-1-875x800.jpg 875w, https:\/\/www.gen200.com\/wp-content\/uploads\/2025\/05\/schedule-mockup-2-1-438x400.jpg 438w, https:\/\/www.gen200.com\/wp-content\/uploads\/2025\/05\/schedule-mockup-2-1-768x702.jpg 768w, https:\/\/www.gen200.com\/wp-content\/uploads\/2025\/05\/schedule-mockup-2-1-1536x1404.jpg 1536w, https:\/\/www.gen200.com\/wp-content\/uploads\/2025\/05\/schedule-mockup-2-1.jpg 2023w\" sizes=\"auto, (max-width: 875px) 100vw, 875px\" \/>\t\t\t\t\t\t\n\t\t\t\t\t<\/div>\n\t\t\t\t\t\t\t\t\n<style>\n#image_1394499832 {\n  width: 100%;\n}\n<\/style>\n\t<\/div>\n\t\n\n\n\t\t<\/div>\n\t\t\t\t\t<\/div>\n\n\t\n\n\t<div id=\"col-2012409568\" class=\"col medium-6 small-12 large-6\"  >\n\t\t\t\t<div class=\"col-inner text-center\"  >\n\t\t\t\n\t\t\t\n\n\t<div id=\"text-2976672074\" class=\"text\">\n\t\t\n\n<h1>\nUnkomplizierte Anwendung<\/h1>\n\t\t\n<style>\n#text-2976672074 {\n  font-size: 2.2rem;\n  text-align: left;\n  color: rgb(0,0,0);\n}\n#text-2976672074 > * {\n  color: rgb(0,0,0);\n}\n<\/style>\n\t<\/div>\n\t\n\t<div id=\"text-3329774971\" class=\"text\">\n\t\t\n\n<p>Ideal f\u00fcr alle Kultursubstrate und -systeme. Rhodos-D\u00fcnger l\u00f6sen sich leicht auf und sorgen f\u00fcr eine schnelle Aufnahme durch Ihre Pflanzen bei minimaler Verschwendung.<\/p>\n\t\t\n<style>\n#text-3329774971 {\n  text-align: left;\n  color: rgb(0,0,0);\n}\n#text-3329774971 > * {\n  color: rgb(0,0,0);\n}\n<\/style>\n\t<\/div>\n\t\n<a href=\"https:\/\/www.gen200.com\/de\/how-to-use\/\" class=\"button primary\"  style=\"border-radius:99px;\">\n\t\t<span>Wie zu verwenden<\/span>\n\t<\/a>\n\n\n<a href=\"https:\/\/www.gen200.com\/de\/support\/\" class=\"button primary\"  style=\"border-radius:99px;\">\n\t\t<span>Unterst\u00fctzung<\/span>\n\t<\/a>\n\n\n\n\t\t<\/div>\n\t\t\t\t\t<\/div>\n\n\t\n\n<\/div>\n\t<div id=\"gap-1198341724\" class=\"gap-element clearfix\" style=\"display:block; height:auto;\">\n\t\t\n<style>\n#gap-1198341724 {\n  padding-top: 50px;\n}\n<\/style>\n\t<\/div>\n\t\n\n<div class=\"row\"  id=\"row-1692534134\">\n\n\n\t<div id=\"col-913632833\" class=\"col small-12 large-12\"  >\n\t\t\t\t<div class=\"col-inner\"  >\n\t\t\t\n\t\t\t\n\n\t<div id=\"text-1080980664\" class=\"text\">\n\t\t\n\n<h1>Werden Sie Gen200 Rhodos-Wiederverk\u00e4ufer<\/h1>\n\t\t\n<style>\n#text-1080980664 {\n  font-size: 1rem;\n  color: rgb(0,0,0);\n}\n#text-1080980664 > * {\n  color: rgb(0,0,0);\n}\n<\/style>\n\t<\/div>\n\t\n\t<div id=\"text-887787125\" class=\"text\">\n\t\t\n\n<p>Als Gen200 Rhodos-Wiederverk\u00e4ufer oder -Gro\u00dfhandelspartner erhalten Sie Zugang zu einem bew\u00e4hrten Produkt, das f\u00fcr die Anforderungen des modernen Anbaus entwickelt wurde, von kommerziellen Gew\u00e4chsh\u00e4usern bis hin zu Indoor-Anbaubetrieben.<\/p>\n\t\t\n<style>\n#text-887787125 {\n  font-size: 1.3rem;\n  color: rgb(0,0,0);\n}\n#text-887787125 > * {\n  color: rgb(0,0,0);\n}\n<\/style>\n\t<\/div>\n\t\n<a href=\"https:\/\/www.gen200.com\/de\/become-a-resller\/\" class=\"button primary\"  style=\"border-radius:99px;\">\n\t\t<span>Wiederverk\u00e4ufer werden<\/span>\n\t<\/a>\n\n\n\n\t\t<\/div>\n\t\t\t\t\t<\/div>\n\n\t\n\n<\/div>","protected":false},"excerpt":{"rendered":"","protected":false},"author":2,"featured_media":0,"parent":0,"menu_order":0,"comment_status":"closed","ping_status":"closed","template":"","meta":{"footnotes":""},"class_list":["post-312","page","type-page","status-publish","hentry"],"_links":{"self":[{"href":"https:\/\/www.gen200.com\/de\/wp-json\/wp\/v2\/pages\/312","targetHints":{"allow":["GET"]}}],"collection":[{"href":"https:\/\/www.gen200.com\/de\/wp-json\/wp\/v2\/pages"}],"about":[{"href":"https:\/\/www.gen200.com\/de\/wp-json\/wp\/v2\/types\/page"}],"author":[{"embeddable":true,"href":"https:\/\/www.gen200.com\/de\/wp-json\/wp\/v2\/users\/2"}],"replies":[{"embeddable":true,"href":"https:\/\/www.gen200.com\/de\/wp-json\/wp\/v2\/comments?post=312"}],"version-history":[{"count":0,"href":"https:\/\/www.gen200.com\/de\/wp-json\/wp\/v2\/pages\/312\/revisions"}],"wp:attachment":[{"href":"https:\/\/www.gen200.com\/de\/wp-json\/wp\/v2\/media?parent=312"}],"curies":[{"name":"wp","href":"https:\/\/api.w.org\/{rel}","templated":true}]}}