{"id":310,"date":"2025-05-23T11:10:49","date_gmt":"2025-05-23T11:10:49","guid":{"rendered":"https:\/\/www.gen200.com\/?page_id=310"},"modified":"2025-07-31T07:13:13","modified_gmt":"2025-07-31T07:13:13","slug":"how-to-use","status":"publish","type":"page","link":"https:\/\/www.gen200.com\/de\/how-to-use\/","title":{"rendered":"Wie zu verwenden"},"content":{"rendered":"<div id=\"page-header-1771316624\" class=\"page-header-wrapper\">\n  <div class=\"page-title dark featured-title\">\n\n    \n    <div class=\"page-title-inner container align-center flex-row medium-flex-wrap\" >\n              <div class=\"title-wrapper flex-col text-left medium-text-center\">\n          <h1 class=\"entry-title mb-0\">\n            Wie zu verwenden          <\/h1>\n        <\/div>\n                    <div class=\"title-content flex-col flex-right text-right medium-text-center\">\n        <div class=\"title-breadcrumbs pb-half pt-half\"><nav class=\"woocommerce-breadcrumb breadcrumbs uppercase\" data-no-translation=\"\" data-trp-gettext=\"\">Startseite<\/nav><\/div>      <\/div>\n    <\/div>\n\n     \n<style>\n#page-header-1771316624 .page-title-inner {\n  min-height: 30px;\n}\n<\/style>\n  <\/div>\n    <\/div>\n  \n\n<div class=\"slider-wrapper relative\" id=\"slider-982319795\" >\n    <div class=\"slider slider-nav-circle slider-nav-large slider-nav-light slider-style-normal\"\n        data-flickity-options='{            \"cellAlign\": \"center\",            \"imagesLoaded\": true,            \"lazyLoad\": 1,            \"freeScroll\": false,            \"wrapAround\": true,            \"autoPlay\": 6000,            \"pauseAutoPlayOnHover\" : true,            \"prevNextButtons\": true,            \"contain\" : true,            \"adaptiveHeight\" : true,            \"dragThreshold\" : 10,            \"percentPosition\": true,            \"pageDots\": true,            \"rightToLeft\": false,            \"draggable\": true,            \"selectedAttraction\": 0.1,            \"parallax\" : 0,            \"friction\": 0.6        }'\n        >\n        \n\n\t<div class=\"img has-hover x md-x lg-x y md-y lg-y\" id=\"image_1000121133\">\n\t\t\t\t\t\t\t\t<div class=\"img-inner image-cover dark\" style=\"padding-top:500px;\">\n\t\t\t<img loading=\"lazy\" decoding=\"async\" width=\"1020\" height=\"680\" src=\"https:\/\/www.gen200.com\/wp-content\/uploads\/2025\/05\/high-angle-view-potted-plant-1200x800.jpg\" class=\"attachment-large size-large\" alt=\"\" srcset=\"https:\/\/www.gen200.com\/wp-content\/uploads\/2025\/05\/high-angle-view-potted-plant-1200x800.jpg 1200w, https:\/\/www.gen200.com\/wp-content\/uploads\/2025\/05\/high-angle-view-potted-plant-600x400.jpg 600w, https:\/\/www.gen200.com\/wp-content\/uploads\/2025\/05\/high-angle-view-potted-plant-768x512.jpg 768w, https:\/\/www.gen200.com\/wp-content\/uploads\/2025\/05\/high-angle-view-potted-plant-1536x1024.jpg 1536w, https:\/\/www.gen200.com\/wp-content\/uploads\/2025\/05\/high-angle-view-potted-plant-2048x1365.jpg 2048w\" sizes=\"auto, (max-width: 1020px) 100vw, 1020px\" \/>\t\t\t\t\t\t\n\t\t\t\t\t<\/div>\n\t\t\t\t\t\t\t\t\n<style>\n#image_1000121133 {\n  width: 100%;\n}\n<\/style>\n\t<\/div>\n\t\n\n\n     <\/div>\n\n     <div class=\"loading-spin dark large centered\"><\/div>\n\n\t<\/div>\n\n\n\n\t<section class=\"section\" id=\"section_384494964\">\n\t\t<div class=\"section-bg fill\" >\n\t\t\t\t\t\t\t\t\t<div class=\"section-bg-overlay absolute fill\"><\/div>\n\t\t\t\n\n\t\t<\/div>\n\n\t\t\n\n\t\t<div class=\"section-content relative\">\n\t\t\t\n\n\t<div id=\"gap-1251177195\" class=\"gap-element clearfix\" style=\"display:block; height:auto;\">\n\t\t\n<style>\n#gap-1251177195 {\n  padding-top: 50px;\n}\n<\/style>\n\t<\/div>\n\t\n\n<div class=\"row row-collapse row-full-width align-middle\"  id=\"row-624805439\">\n\n\n\t<div id=\"col-669038293\" class=\"col medium-2 small-12 large-2\"  >\n\t\t\t\t<div class=\"col-inner\"  >\n\t\t\t\n\t\t\t\n\n\t<div id=\"text-1591661683\" class=\"text\">\n\t\t\n\n\n\t\t\n<style>\n#text-1591661683 {\n  text-align: left;\n  color: rgb(0,0,0);\n}\n#text-1591661683 > * {\n  color: rgb(0,0,0);\n}\n<\/style>\n\t<\/div>\n\t\n\n\t\t<\/div>\n\t\t\t\t\t<\/div>\n\n\t\n\n\t<div id=\"col-309257426\" class=\"col medium-4 small-12 large-4\"  >\n\t\t\t\t<div class=\"col-inner\"  >\n\t\t\t\n\t\t\t\n\n\t<div id=\"text-3436664044\" class=\"text\">\n\t\t\n\n<h1>Anwendungshinweise<\/h1>\n\t\t\n<style>\n#text-3436664044 {\n  text-align: left;\n  color: rgb(0,0,0);\n}\n#text-3436664044 > * {\n  color: rgb(0,0,0);\n}\n<\/style>\n\t<\/div>\n\t\n\t<div id=\"text-2843502950\" class=\"text\">\n\t\t\n\n<p><strong>Wasserqualit\u00e4t<\/strong> Beginnen Sie mit sauberem Wasser, vorzugsweise mit Osmosewasser. Bei Verwendung von Leitungswasser muss der EC-Wert zu Beginn unter 0,4 mS\/cm liegen.<\/p>\n<h5><strong>Erstes Mischen<\/strong><\/h5>\n<p><strong>Schritt 1.<\/strong> Geben Sie Gen200 Control (15 ml pro 100 Liter) in Ihr Wasserreservoir. Mischen Sie das Produkt gut.<\/p>\n<p><strong>Schritt 2.<\/strong> L\u00f6sen Sie Rhodos Base entsprechend dem empfohlenen Mischungsverh\u00e4ltnis auf dem Anzuchtplan auf. Stellen Sie sicher, dass die Pulver 100% aufgel\u00f6st sind, bevor Sie zum n\u00e4chsten Schritt \u00fcbergehen. Verwenden Sie warmes Wasser (20\/ 25 \u00b0C) f\u00fcr eine schnellere Aufl\u00f6sung.<\/p>\n<p><strong>Schritt 3.<\/strong> L\u00f6sen Sie Rhodos Grow\/ Bloom entsprechend dem empfohlenen Mischungsverh\u00e4ltnis auf. Ob ein Mixer oder eine Pumpe zum Mischen verwendet wird, stellen Sie immer sicher, dass die Pulver 100% aufgel\u00f6st sind, bevor Sie Ihre Pflanzen gie\u00dfen<\/p>\n<p><strong>pH-Wert pr\u00fcfen<\/strong> Das pH-Gleichgewicht ist entscheidend. Testen Sie den pH-Wert Ihrer N\u00e4hrl\u00f6sung und stellen Sie ihn auf den optimalen Bereich ein (Kokos-\/Steinwolle pH vegetativ: 5,5-5,8 Bl\u00fcte: 5,8-6,2) oder (Boden pH vegetativ: 5,9-6,2 Bl\u00fcte: 6,0-6,4), bevor Sie Ihre Pflanzen gie\u00dfen.<\/p>\n<p><strong>Methode der Anwendung<\/strong> Gie\u00dfen Sie Ihre Pflanzen direkt aus Ihrem Reservoir. Im Falle einer F\u00fctterung Computer, beziehen sich auf die Rhodos Stock Solutions Anwendungen Zeitplan.<\/p>\n<p><strong>H\u00e4ufigkeit der Anwendung<\/strong> Tragen Sie die Rhodos-L\u00f6sung bei jeder Bew\u00e4sserung auf, um eine konstante Versorgung mit wichtigen N\u00e4hrstoffen zu gew\u00e4hrleisten.<\/p>\n<p><strong>System-Kompatibilit\u00e4t<\/strong> Rhodos ist f\u00fcr alle Arten von Anbausystemen geeignet, einschlie\u00dflich Hydroponik, Aeroponik und Erde\/Kokos.<\/p>\n<p><em>Es wird empfohlen, vor der Ernte einen Flush-Lauf durchzuf\u00fchren.<\/em><\/p>\n\t\t\n<style>\n#text-2843502950 {\n  color: rgb(0,0,0);\n}\n#text-2843502950 > * {\n  color: rgb(0,0,0);\n}\n<\/style>\n\t<\/div>\n\t\n\n\t\t<\/div>\n\t\t\t\t\t<\/div>\n\n\t\n\n\t<div id=\"col-1737643000\" class=\"col medium-6 small-12 large-6\"  >\n\t\t\t\t<div class=\"col-inner\"  >\n\t\t\t\n\t\t\t\n\n\t<div class=\"img has-hover x md-x lg-x y md-y lg-y\" id=\"image_1091599286\">\n\t\t\t\t\t\t\t\t<div class=\"img-inner dark\" >\n\t\t\t<img loading=\"lazy\" decoding=\"async\" width=\"875\" height=\"800\" src=\"https:\/\/www.gen200.com\/wp-content\/uploads\/2025\/05\/schedule-mockup-2-1-875x800.jpg\" class=\"attachment-large size-large\" alt=\"\" srcset=\"https:\/\/www.gen200.com\/wp-content\/uploads\/2025\/05\/schedule-mockup-2-1-875x800.jpg 875w, https:\/\/www.gen200.com\/wp-content\/uploads\/2025\/05\/schedule-mockup-2-1-438x400.jpg 438w, https:\/\/www.gen200.com\/wp-content\/uploads\/2025\/05\/schedule-mockup-2-1-768x702.jpg 768w, https:\/\/www.gen200.com\/wp-content\/uploads\/2025\/05\/schedule-mockup-2-1-1536x1404.jpg 1536w, https:\/\/www.gen200.com\/wp-content\/uploads\/2025\/05\/schedule-mockup-2-1.jpg 2023w\" sizes=\"auto, (max-width: 875px) 100vw, 875px\" \/>\t\t\t\t\t\t\n\t\t\t\t\t<\/div>\n\t\t\t\t\t\t\t\t\n<style>\n#image_1091599286 {\n  width: 62%;\n}\n<\/style>\n\t<\/div>\n\t\n\n<div class=\"accordion\">\n\n\t<div id=\"accordion-187800074\" class=\"accordion-item\">\n\t\t<a id=\"accordion-187800074-label\" class=\"accordion-title plain\" href=\"#accordion-item-downloads-english\" aria-expanded=\"false\" aria-controls=\"accordion-187800074-content\" >\n\t\t\t<button class=\"toggle\" aria-label=\"Umschalten\"><i class=\"icon-angle-down\"><\/i><\/button>\n\t\t\t<span>Downloads Englisch<\/span>\n\t\t<\/a>\n\t\t<div id=\"accordion-187800074-content\" class=\"accordion-inner\" aria-labelledby=\"accordion-187800074-label\" >\n\t\t\t\n\n<a href=\"https:\/\/www.gen200.com\/wp-content\/uploads\/2025\/07\/Rhodos-Schedule-EN.pdf\" target=\"_blank\" class=\"button primary\" rel=\"noopener\"  style=\"border-radius:99px;\">\n\t\t<span>Rhodos Zeitplan<\/span>\n\t<\/a>\n\n\n<a href=\"https:\/\/www.gen200.com\/wp-content\/uploads\/2025\/07\/Rhodos-intro-flyer-A4-EN.pdf\" target=\"_blank\" class=\"button primary\" rel=\"noopener\"  style=\"border-radius:99px;\">\n\t\t<span>Rhodos-Brosch\u00fcre<\/span>\n\t<\/a>\n\n\n\n\t\t<\/div>\n\t<\/div>\n\t\n\t<div id=\"accordion-3992295912\" class=\"accordion-item\">\n\t\t<a id=\"accordion-3992295912-label\" class=\"accordion-title plain\" href=\"#accordion-item-downloads-german\" aria-expanded=\"false\" aria-controls=\"accordion-3992295912-content\" >\n\t\t\t<button class=\"toggle\" aria-label=\"Umschalten\"><i class=\"icon-angle-down\"><\/i><\/button>\n\t\t\t<span>Downloads Deutsch<\/span>\n\t\t<\/a>\n\t\t<div id=\"accordion-3992295912-content\" class=\"accordion-inner\" aria-labelledby=\"accordion-3992295912-label\" >\n\t\t\t\n\n<a href=\"https:\/\/www.gen200.com\/wp-content\/uploads\/2025\/07\/Rhodos-Schedule-DE.pdf\" target=\"_blank\" class=\"button primary\" rel=\"noopener\"  style=\"border-radius:99px;\">\n\t\t<span>Rhodos Zeitplan<\/span>\n\t<\/a>\n\n\n<a href=\"https:\/\/www.gen200.com\/wp-content\/uploads\/2025\/07\/Rhodos-intro-flyer-A4-DE.pdf\" target=\"_blank\" class=\"button primary\" rel=\"noopener\"  style=\"border-radius:99px;\">\n\t\t<span>Rhodos-Brosch\u00fcre<\/span>\n\t<\/a>\n\n\n\n\t\t<\/div>\n\t<\/div>\n\t\n\t<div id=\"accordion-1438093986\" class=\"accordion-item\">\n\t\t<a id=\"accordion-1438093986-label\" class=\"accordion-title plain\" href=\"#accordion-item-downloads-spanish\" aria-expanded=\"false\" aria-controls=\"accordion-1438093986-content\" >\n\t\t\t<button class=\"toggle\" aria-label=\"Umschalten\"><i class=\"icon-angle-down\"><\/i><\/button>\n\t\t\t<span>Downloads Spanisch<\/span>\n\t\t<\/a>\n\t\t<div id=\"accordion-1438093986-content\" class=\"accordion-inner\" aria-labelledby=\"accordion-1438093986-label\" >\n\t\t\t\n\n<a href=\"https:\/\/www.gen200.com\/wp-content\/uploads\/2025\/07\/Rhodos-Schedule-ES.pdf\" target=\"_blank\" class=\"button primary\" rel=\"noopener\"  style=\"border-radius:99px;\">\n\t\t<span>Rhodos Zeitplan<\/span>\n\t<\/a>\n\n\n<a href=\"https:\/\/www.gen200.com\/wp-content\/uploads\/2025\/07\/Rhodos-intro-flyer-A4-ES.pdf\" target=\"_blank\" class=\"button primary\" rel=\"noopener\"  style=\"border-radius:99px;\">\n\t\t<span>Rhodos-Brosch\u00fcre<\/span>\n\t<\/a>\n\n\n\n\t\t<\/div>\n\t<\/div>\n\t\n\n<\/div>\n\n\t\t<\/div>\n\t\t\t\t\t<\/div>\n\n\t\n\n<\/div>\n<div class=\"row\"  id=\"row-1459073568\">\n\n\n\t<div id=\"col-503236434\" class=\"col small-12 large-12\"  >\n\t\t\t\t<div class=\"col-inner\"  >\n\t\t\t\n\t\t\t\n\n\t<div id=\"gap-382003578\" class=\"gap-element clearfix\" style=\"display:block; height:auto;\">\n\t\t\n<style>\n#gap-382003578 {\n  padding-top: 80px;\n}\n<\/style>\n\t<\/div>\n\t\n\n\t<div id=\"text-2124667088\" class=\"text\">\n\t\t\n\n<h2>Haben Sie noch Fragen? <\/h2>\n<p>Werfen Sie einen Blick auf die h\u00e4ufig gestellten Fragen<\/p>\n\t\t\n<style>\n#text-2124667088 {\n  color: rgb(0,0,0);\n}\n#text-2124667088 > * {\n  color: rgb(0,0,0);\n}\n<\/style>\n\t<\/div>\n\t\n<a href=\"https:\/\/www.gen200.com\/de\/support\/\" class=\"button primary\"  style=\"border-radius:99px;\">\n\t\t<span>Zu den FAQ<\/span>\n\t<\/a>\n\n\n\n\t\t<\/div>\n\t\t\t\t\t<\/div>\n\n\t\n\n<\/div>\n\n\t\t<\/div>\n\n\t\t\n<style>\n#section_384494964 {\n  padding-top: 0px;\n  padding-bottom: 0px;\n  background-color: rgb(247, 247, 247);\n}\n#section_384494964 .section-bg-overlay {\n  background-color: rgba(255, 255, 255, 0.85);\n}\n<\/style>\n\t<\/section>","protected":false},"excerpt":{"rendered":"","protected":false},"author":2,"featured_media":0,"parent":0,"menu_order":0,"comment_status":"closed","ping_status":"closed","template":"","meta":{"footnotes":""},"class_list":["post-310","page","type-page","status-publish","hentry"],"_links":{"self":[{"href":"https:\/\/www.gen200.com\/de\/wp-json\/wp\/v2\/pages\/310","targetHints":{"allow":["GET"]}}],"collection":[{"href":"https:\/\/www.gen200.com\/de\/wp-json\/wp\/v2\/pages"}],"about":[{"href":"https:\/\/www.gen200.com\/de\/wp-json\/wp\/v2\/types\/page"}],"author":[{"embeddable":true,"href":"https:\/\/www.gen200.com\/de\/wp-json\/wp\/v2\/users\/2"}],"replies":[{"embeddable":true,"href":"https:\/\/www.gen200.com\/de\/wp-json\/wp\/v2\/comments?post=310"}],"version-history":[{"count":0,"href":"https:\/\/www.gen200.com\/de\/wp-json\/wp\/v2\/pages\/310\/revisions"}],"wp:attachment":[{"href":"https:\/\/www.gen200.com\/de\/wp-json\/wp\/v2\/media?parent=310"}],"curies":[{"name":"wp","href":"https:\/\/api.w.org\/{rel}","templated":true}]}}