{"id":308,"date":"2025-05-23T11:10:30","date_gmt":"2025-05-23T11:10:30","guid":{"rendered":"https:\/\/www.gen200.com\/?page_id=308"},"modified":"2025-07-22T07:45:47","modified_gmt":"2025-07-22T07:45:47","slug":"support","status":"publish","type":"page","link":"https:\/\/www.gen200.com\/de\/support\/","title":{"rendered":"Unterst\u00fctzung"},"content":{"rendered":"<div id=\"page-header-1314880185\" class=\"page-header-wrapper\">\n  <div class=\"page-title dark featured-title\">\n\n    \n    <div class=\"page-title-inner container align-center flex-row medium-flex-wrap\" >\n              <div class=\"title-wrapper flex-col text-left medium-text-center\">\n          <h1 class=\"entry-title mb-0\">\n            Unterst\u00fctzung          <\/h1>\n        <\/div>\n                    <div class=\"title-content flex-col flex-right text-right medium-text-center\">\n        <div class=\"title-breadcrumbs pb-half pt-half\"><nav class=\"woocommerce-breadcrumb breadcrumbs uppercase\" data-no-translation=\"\" data-trp-gettext=\"\">Startseite<\/nav><\/div>      <\/div>\n    <\/div>\n\n     \n<style>\n#page-header-1314880185 .page-title-inner {\n  min-height: 20px;\n}\n<\/style>\n  <\/div>\n    <\/div>\n  \n\n<div class=\"slider-wrapper relative\" id=\"slider-1961313513\" >\n    <div class=\"slider slider-nav-circle slider-nav-large slider-nav-light slider-style-normal\"\n        data-flickity-options='{            \"cellAlign\": \"center\",            \"imagesLoaded\": true,            \"lazyLoad\": 1,            \"freeScroll\": false,            \"wrapAround\": true,            \"autoPlay\": 6000,            \"pauseAutoPlayOnHover\" : true,            \"prevNextButtons\": true,            \"contain\" : true,            \"adaptiveHeight\" : true,            \"dragThreshold\" : 10,            \"percentPosition\": true,            \"pageDots\": true,            \"rightToLeft\": false,            \"draggable\": true,            \"selectedAttraction\": 0.1,            \"parallax\" : 0,            \"friction\": 0.6        }'\n        >\n        \n\n\n  <div class=\"banner has-hover\" id=\"banner-1223730191\">\n          <div class=\"banner-inner fill\">\n        <div class=\"banner-bg fill\" >\n            <img loading=\"lazy\" decoding=\"async\" width=\"1020\" height=\"681\" src=\"https:\/\/www.gen200.com\/wp-content\/uploads\/2025\/05\/gratifying-baby-cannabis-plant-curative-hemp-farm-medical-cannabis-goods-1199x800.jpg\" class=\"bg attachment-large size-large\" alt=\"\" \/>                        <div class=\"overlay\"><\/div>            \n                    <\/div>\n\t\t\n        <div class=\"banner-layers container\">\n            <div class=\"fill banner-link\"><\/div>            \n\n   <div id=\"text-box-1394863138\" class=\"text-box banner-layer x50 md-x50 lg-x50 y50 md-y50 lg-y50 res-text\">\n                                <div class=\"text-box-content text dark\">\n              \n              <div class=\"text-inner text-center\">\n                  \n\n\n              <\/div>\n           <\/div>\n                            \n<style>\n#text-box-1394863138 {\n  width: 60%;\n}\n#text-box-1394863138 .text-box-content {\n  font-size: 100%;\n}\n@media (min-width:550px) {\n  #text-box-1394863138 {\n    width: 60%;\n  }\n}\n<\/style>\n    <\/div>\n \n\n        <\/div>\n      <\/div>\n\n            \n<style>\n#banner-1223730191 {\n  padding-top: 500px;\n}\n#banner-1223730191 .overlay {\n  background-color: rgba(0, 0, 0, 0.31);\n}\n<\/style>\n  <\/div>\n\n\n\n     <\/div>\n\n     <div class=\"loading-spin dark large centered\"><\/div>\n\n\t<\/div>\n\n\n\t<div id=\"text-1739584407\" class=\"text\">\n\t\t\n\n<h2>FAQ<\/h2>\n\t\t\n<style>\n#text-1739584407 {\n  font-size: 2.75rem;\n  text-align: center;\n  color: #e30613;\n}\n#text-1739584407 > * {\n  color: #e30613;\n}\n<\/style>\n\t<\/div>\n\t\n<div class=\"row\"  id=\"row-2013326412\">\n\n\n\t<div id=\"col-1078757195\" class=\"col small-12 large-12\"  >\n\t\t\t\t<div class=\"col-inner\"  >\n\t\t\t\n\t\t\t\n\n\t<div id=\"text-2877509025\" class=\"text\">\n\t\t\n\n<h2>Fragen zum Produkt<\/h2>\n\t\t\n<style>\n#text-2877509025 {\n  font-size: 1.3rem;\n}\n<\/style>\n\t<\/div>\n\t\n\n\t\t<\/div>\n\t\t\t\t\t<\/div>\n\n\t\n\n<\/div>\n<div class=\"row\"  id=\"row-2140084854\">\n\n\n\t<div id=\"col-162902676\" class=\"col medium-6 small-12 large-6\"  >\n\t\t\t\t<div class=\"col-inner\"  >\n\t\t\t\n\t\t\t\n\n<div class=\"accordion\">\n\n\t<div id=\"accordion-477548150\" class=\"accordion-item\">\n\t\t<a id=\"accordion-477548150-label\" class=\"accordion-title plain\" href=\"#accordion-item-what-are-the-main-types-of-fertilisers-that-gen200-offers?\" aria-expanded=\"false\" aria-controls=\"accordion-477548150-content\" >\n\t\t\t<button class=\"toggle\" aria-label=\"Umschalten\"><i class=\"icon-angle-down\"><\/i><\/button>\n\t\t\t<span>Welches sind die wichtigsten D\u00fcngemitteltypen, die Gen200 anbietet?<\/span>\n\t\t<\/a>\n\t\t<div id=\"accordion-477548150-content\" class=\"accordion-inner\" aria-labelledby=\"accordion-477548150-label\" >\n\t\t\t\n\n<p>Gen200 bietet vier Produkte an: Gen200 Control (Orthokiesels\u00e4ure) und drei konzentrierte D\u00fcngemittel in Pulverform aus der Rhodos-Linie - Rhodos Base, Rhodos Grow und Rhodos Bloom. Jedes dieser Produkte ist auf bestimmte Phasen der Pflanzenentwicklung abgestimmt.<\/p>\n\n\t\t<\/div>\n\t<\/div>\n\t\n\t<div id=\"accordion-98297559\" class=\"accordion-item\">\n\t\t<a id=\"accordion-98297559-label\" class=\"accordion-title plain\" href=\"#accordion-item-what-is-gen200-control-and-how-does-it-benefit-my-plants?\" aria-expanded=\"false\" aria-controls=\"accordion-98297559-content\" >\n\t\t\t<button class=\"toggle\" aria-label=\"Umschalten\"><i class=\"icon-angle-down\"><\/i><\/button>\n\t\t\t<span>Was ist Gen200 Control und welchen Nutzen hat es f\u00fcr meine Pflanzen?<\/span>\n\t\t<\/a>\n\t\t<div id=\"accordion-98297559-content\" class=\"accordion-inner\" aria-labelledby=\"accordion-98297559-label\" >\n\t\t\t\n\n<p>Gen200 Control ist eine propriet\u00e4re Orthokiesels\u00e4ure-Formel (SiOH4), die 2012 eingef\u00fchrt wurde. Sie st\u00e4rkt die Kraft der Pflanzen, verbessert die N\u00e4hrstoffaufnahme und f\u00f6rdert die allgemeine Pflanzengesundheit, was sie ideal f\u00fcr den Anbau von Blumen und Fr\u00fcchten in Innenr\u00e4umen macht.<\/p>\n\n\t\t<\/div>\n\t<\/div>\n\t\n\n<\/div>\n\n\t\t<\/div>\n\t\t\t\t\t<\/div>\n\n\t\n\n\t<div id=\"col-899003831\" class=\"col medium-6 small-12 large-6\"  >\n\t\t\t\t<div class=\"col-inner\"  >\n\t\t\t\n\t\t\t\n\n<div class=\"accordion\">\n\n\t<div id=\"accordion-3961461900\" class=\"accordion-item\">\n\t\t<a id=\"accordion-3961461900-label\" class=\"accordion-title plain\" href=\"#accordion-item-can-i-use-rhodos-fertilisers-for-both-outdoor-and-indoor-cultivation?\" aria-expanded=\"false\" aria-controls=\"accordion-3961461900-content\" >\n\t\t\t<button class=\"toggle\" aria-label=\"Umschalten\"><i class=\"icon-angle-down\"><\/i><\/button>\n\t\t\t<span>Kann ich Rhodos-D\u00fcnger sowohl f\u00fcr den Au\u00dfen- als auch f\u00fcr den Innenanbau verwenden?<\/span>\n\t\t<\/a>\n\t\t<div id=\"accordion-3961461900-content\" class=\"accordion-inner\" aria-labelledby=\"accordion-3961461900-label\" >\n\t\t\t\n\n<p>Ja, die Rhodos-Linie ist so konzipiert, dass sie sowohl f\u00fcr den Anbau im Freien als auch in Innenr\u00e4umen geeignet ist und Ihre Pflanzen unabh\u00e4ngig von der Wachstumsumgebung mit den notwendigen N\u00e4hrstoffen versorgt.<\/p>\n\n\t\t<\/div>\n\t<\/div>\n\t\n\t<div id=\"accordion-3949647453\" class=\"accordion-item\">\n\t\t<a id=\"accordion-3949647453-label\" class=\"accordion-title plain\" href=\"#accordion-item-what-makes-rhodos-base-different-from-rhodos-grow-and-rhodos-bloom?\" aria-expanded=\"false\" aria-controls=\"accordion-3949647453-content\" >\n\t\t\t<button class=\"toggle\" aria-label=\"Umschalten\"><i class=\"icon-angle-down\"><\/i><\/button>\n\t\t\t<span>Wodurch unterscheidet sich Rhodos Base von Rhodos Grow und Rhodos Bloom?<\/span>\n\t\t<\/a>\n\t\t<div id=\"accordion-3949647453-content\" class=\"accordion-inner\" aria-labelledby=\"accordion-3949647453-label\" >\n\t\t\t\n\n<p>Rhodos Base bietet eine umfassende N\u00e4hrstoffl\u00f6sung f\u00fcr den gesamten Lebenszyklus der Pflanze. Rhodos Grow ist speziell f\u00fcr das vegetative Stadium formuliert und f\u00f6rdert die Biomasse, die Blattentwicklung und die Photosynthesekapazit\u00e4t. Rhodos Bloom ist auf die Bl\u00fcte- und Fruchtphase zugeschnitten und f\u00f6rdert eine \u00fcppige und lebendige Bl\u00fctenpracht.<\/p>\n\n\t\t<\/div>\n\t<\/div>\n\t\n\n<\/div>\n\n\t\t<\/div>\n\t\t\t\t\t<\/div>\n\n\t\n\n<\/div>\n\t<div id=\"gap-1986658194\" class=\"gap-element clearfix\" style=\"display:block; height:auto;\">\n\t\t\n<style>\n#gap-1986658194 {\n  padding-top: 50px;\n}\n<\/style>\n\t<\/div>\n\t\n\n<div class=\"row\"  id=\"row-495378002\">\n\n\n\t<div id=\"col-945772594\" class=\"col small-12 large-12\"  >\n\t\t\t\t<div class=\"col-inner\"  >\n\t\t\t\n\t\t\t\n\n\t<div id=\"text-2554070895\" class=\"text\">\n\t\t\n\n<h2>Tipps und Tricks<\/h2>\n\t\t\n<style>\n#text-2554070895 {\n  font-size: 1.3rem;\n}\n<\/style>\n\t<\/div>\n\t\n\n\t\t<\/div>\n\t\t\t\t\t<\/div>\n\n\t\n\n<\/div>\n<div class=\"row\"  id=\"row-1772994581\">\n\n\n\t<div id=\"col-243537060\" class=\"col medium-6 small-12 large-6\"  >\n\t\t\t\t<div class=\"col-inner\"  >\n\t\t\t\n\t\t\t\n\n<div class=\"accordion\">\n\n\t<div id=\"accordion-2537590211\" class=\"accordion-item\">\n\t\t<a id=\"accordion-2537590211-label\" class=\"accordion-title plain\" href=\"#accordion-item-what-tips-do-you-have-for-maximizing-the-effectiveness-of-rhodos-fertilisers?\" aria-expanded=\"false\" aria-controls=\"accordion-2537590211-content\" >\n\t\t\t<button class=\"toggle\" aria-label=\"Umschalten\"><i class=\"icon-angle-down\"><\/i><\/button>\n\t\t\t<span>Welche Tipps haben Sie, um die Wirksamkeit der Rhodos-D\u00fcnger zu optimieren?<\/span>\n\t\t<\/a>\n\t\t<div id=\"accordion-2537590211-content\" class=\"accordion-inner\" aria-labelledby=\"accordion-2537590211-label\" >\n\t\t\t\n\n<p>Befolgen Sie stets die empfohlenen Dosierungs- und Mischanweisungen. Stellen Sie sicher, dass Ihr Kultursubstrat gut durchl\u00fcftet ist und eine gute Drainage hat. \u00dcberwachen Sie Ihre Pflanzen regelm\u00e4\u00dfig auf Anzeichen von N\u00e4hrstoffmangel oder \u00dcberd\u00fcngung und passen Sie sie entsprechend an.<\/p>\n\n\t\t<\/div>\n\t<\/div>\n\t\n\t<div id=\"accordion-3522487340\" class=\"accordion-item\">\n\t\t<a id=\"accordion-3522487340-label\" class=\"accordion-title plain\" href=\"#accordion-item-what-is-ec-and-why-is-it-important-for-my-plants?\" aria-expanded=\"false\" aria-controls=\"accordion-3522487340-content\" >\n\t\t\t<button class=\"toggle\" aria-label=\"Umschalten\"><i class=\"icon-angle-down\"><\/i><\/button>\n\t\t\t<span>Was ist EC und warum ist es wichtig f\u00fcr meine Pflanzen?<\/span>\n\t\t<\/a>\n\t\t<div id=\"accordion-3522487340-content\" class=\"accordion-inner\" aria-labelledby=\"accordion-3522487340-label\" >\n\t\t\t\n\n<p>Die elektrische Leitf\u00e4higkeit (EC) misst die Konzentration der l\u00f6slichen Salze in Ihrer N\u00e4hrl\u00f6sung. Sie ist wichtig, denn sie hilft Ihnen, die Gesamtn\u00e4hrstoffmenge zu messen, die Ihre Pflanzen erhalten, und stellt sicher, dass sie die richtige Menge an Nahrung bekommen, ohne \u00fcber- oder unterversorgt zu werden.<\/p>\n\n\t\t<\/div>\n\t<\/div>\n\t\n\n<\/div>\n\n\t\t<\/div>\n\t\t\t\t\t<\/div>\n\n\t\n\n\t<div id=\"col-674530087\" class=\"col medium-6 small-12 large-6\"  >\n\t\t\t\t<div class=\"col-inner\"  >\n\t\t\t\n\t\t\t\n\n<div class=\"accordion\">\n\n\t<div id=\"accordion-13364491\" class=\"accordion-item\">\n\t\t<a id=\"accordion-13364491-label\" class=\"accordion-title plain\" href=\"#accordion-item-how-can-i-ensure-my-plants-get-the-most-out-of-gen200-control?\" aria-expanded=\"false\" aria-controls=\"accordion-13364491-content\" >\n\t\t\t<button class=\"toggle\" aria-label=\"Umschalten\"><i class=\"icon-angle-down\"><\/i><\/button>\n\t\t\t<span>Wie kann ich sicherstellen, dass meine Pflanzen den gr\u00f6\u00dftm\u00f6glichen Nutzen aus Gen200 Control ziehen?<\/span>\n\t\t<\/a>\n\t\t<div id=\"accordion-13364491-content\" class=\"accordion-inner\" aria-labelledby=\"accordion-13364491-label\" >\n\t\t\t\n\n<p>Um die Vorteile von Gen200 Control zu maximieren, sollten Sie es konsequent w\u00e4hrend des gesamten Wachstumszyklus Ihrer Pflanze einsetzen. Kombinieren Sie es mit einem ausgewogenen D\u00fcngerregime und sorgen Sie f\u00fcr optimale Wachstumsbedingungen wie angemessene Beleuchtung, Luftfeuchtigkeit und Temperatur.<\/p>\n\n\t\t<\/div>\n\t<\/div>\n\t\n\t<div id=\"accordion-528002966\" class=\"accordion-item\">\n\t\t<a id=\"accordion-528002966-label\" class=\"accordion-title plain\" href=\"#accordion-item-what-is-ph-and-why-does-it-matter-for-cultivation?\" aria-expanded=\"false\" aria-controls=\"accordion-528002966-content\" >\n\t\t\t<button class=\"toggle\" aria-label=\"Umschalten\"><i class=\"icon-angle-down\"><\/i><\/button>\n\t\t\t<span>Was ist der pH-Wert und warum ist er f\u00fcr den Anbau wichtig?<\/span>\n\t\t<\/a>\n\t\t<div id=\"accordion-528002966-content\" class=\"accordion-inner\" aria-labelledby=\"accordion-528002966-label\" >\n\t\t\t\n\n<p>Der pH-Wert misst den S\u00e4uregrad oder die Alkalit\u00e4t Ihrer N\u00e4hrl\u00f6sung. Der pH-Wert beeinflusst die Verf\u00fcgbarkeit von N\u00e4hrstoffen f\u00fcr Ihre Pflanzen. Ein ausgewogener pH-Wert gew\u00e4hrleistet, dass Ihre Pflanzen die ben\u00f6tigten N\u00e4hrstoffe effizient aufnehmen k\u00f6nnen. F\u00fcr die meisten Pflanzen ist ein pH-Bereich von 5,5 bis 6,4 optimal.<\/p>\n\n\t\t<\/div>\n\t<\/div>\n\t\n\n<\/div>\n\n\t\t<\/div>\n\t\t\t\t\t<\/div>\n\n\t\n\n<\/div>\n<div class=\"row\"  id=\"row-2106856387\">\n\n\n\t<div id=\"col-1865033076\" class=\"col small-12 large-12\"  >\n\t\t\t\t<div class=\"col-inner\"  >\n\t\t\t\n\t\t\t\n\n\t<div id=\"text-1874939833\" class=\"text\">\n\t\t\n\n<h2>Haben Sie die gesuchte Antwort nicht gefunden?<\/h2>\n\t\t\n<style>\n#text-1874939833 {\n  font-size: 1.8rem;\n  color: rgb(0,0,0);\n}\n#text-1874939833 > * {\n  color: rgb(0,0,0);\n}\n<\/style>\n\t<\/div>\n\t\n<a href=\"https:\/\/www.gen200.com\/de\/contact\/\" class=\"button primary\"  style=\"border-radius:99px;\">\n\t\t<span>Kontakt US<\/span>\n\t<\/a>\n\n\n\n\t\t<\/div>\n\t\t\t\t\t<\/div>\n\n\t\n\n<\/div>","protected":false},"excerpt":{"rendered":"","protected":false},"author":2,"featured_media":0,"parent":0,"menu_order":0,"comment_status":"closed","ping_status":"closed","template":"page-blank.php","meta":{"footnotes":""},"class_list":["post-308","page","type-page","status-publish","hentry"],"_links":{"self":[{"href":"https:\/\/www.gen200.com\/de\/wp-json\/wp\/v2\/pages\/308","targetHints":{"allow":["GET"]}}],"collection":[{"href":"https:\/\/www.gen200.com\/de\/wp-json\/wp\/v2\/pages"}],"about":[{"href":"https:\/\/www.gen200.com\/de\/wp-json\/wp\/v2\/types\/page"}],"author":[{"embeddable":true,"href":"https:\/\/www.gen200.com\/de\/wp-json\/wp\/v2\/users\/2"}],"replies":[{"embeddable":true,"href":"https:\/\/www.gen200.com\/de\/wp-json\/wp\/v2\/comments?post=308"}],"version-history":[{"count":0,"href":"https:\/\/www.gen200.com\/de\/wp-json\/wp\/v2\/pages\/308\/revisions"}],"wp:attachment":[{"href":"https:\/\/www.gen200.com\/de\/wp-json\/wp\/v2\/media?parent=308"}],"curies":[{"name":"wp","href":"https:\/\/api.w.org\/{rel}","templated":true}]}}