{"id":144,"date":"2025-04-18T09:18:29","date_gmt":"2025-04-18T09:18:29","guid":{"rendered":"https:\/\/www.gen200.com\/?page_id=144"},"modified":"2025-07-18T11:08:56","modified_gmt":"2025-07-18T11:08:56","slug":"become-a-resller","status":"publish","type":"page","link":"https:\/\/www.gen200.com\/de\/become-a-resller\/","title":{"rendered":"Wiederverk\u00e4ufer werden"},"content":{"rendered":"<div id=\"page-header-1105552798\" class=\"page-header-wrapper\">\n  <div class=\"page-title dark featured-title\">\n\n    \n    <div class=\"page-title-inner container align-center flex-row medium-flex-wrap\" >\n              <div class=\"title-wrapper flex-col text-left medium-text-center\">\n          <h1 class=\"entry-title mb-0\">\n            Wiederverk\u00e4ufer werden          <\/h1>\n        <\/div>\n                    <div class=\"title-content flex-col flex-right text-right medium-text-center\">\n        <div class=\"title-breadcrumbs pb-half pt-half\"><nav class=\"woocommerce-breadcrumb breadcrumbs uppercase\" data-no-translation=\"\" data-trp-gettext=\"\">Startseite<\/nav><\/div>      <\/div>\n    <\/div>\n\n       <\/div>\n    <\/div>\n  \n\n<div class=\"slider-wrapper relative\" id=\"slider-280968363\" >\n    <div class=\"slider slider-nav-circle slider-nav-large slider-nav-light slider-style-normal\"\n        data-flickity-options='{            \"cellAlign\": \"center\",            \"imagesLoaded\": true,            \"lazyLoad\": 1,            \"freeScroll\": false,            \"wrapAround\": true,            \"autoPlay\": 6000,            \"pauseAutoPlayOnHover\" : true,            \"prevNextButtons\": true,            \"contain\" : true,            \"adaptiveHeight\" : true,            \"dragThreshold\" : 10,            \"percentPosition\": true,            \"pageDots\": true,            \"rightToLeft\": false,            \"draggable\": true,            \"selectedAttraction\": 0.1,            \"parallax\" : 0,            \"friction\": 0.6        }'\n        >\n        \n\n\t<div class=\"img has-hover x md-x lg-x y md-y lg-y\" id=\"image_215038058\">\n\t\t\t\t\t\t\t\t<div class=\"img-inner image-cover dark\" style=\"padding-top:400px;\">\n\t\t\t<img loading=\"lazy\" decoding=\"async\" width=\"600\" height=\"800\" src=\"https:\/\/www.gen200.com\/wp-content\/uploads\/2025\/05\/WhatsApp-Image-2025-04-04-at-12.54.23-600x800.jpeg\" class=\"attachment-large size-large\" alt=\"\" srcset=\"https:\/\/www.gen200.com\/wp-content\/uploads\/2025\/05\/WhatsApp-Image-2025-04-04-at-12.54.23-600x800.jpeg 600w, https:\/\/www.gen200.com\/wp-content\/uploads\/2025\/05\/WhatsApp-Image-2025-04-04-at-12.54.23-300x400.jpeg 300w, https:\/\/www.gen200.com\/wp-content\/uploads\/2025\/05\/WhatsApp-Image-2025-04-04-at-12.54.23-768x1024.jpeg 768w, https:\/\/www.gen200.com\/wp-content\/uploads\/2025\/05\/WhatsApp-Image-2025-04-04-at-12.54.23-1152x1536.jpeg 1152w, https:\/\/www.gen200.com\/wp-content\/uploads\/2025\/05\/WhatsApp-Image-2025-04-04-at-12.54.23.jpeg 1200w\" sizes=\"auto, (max-width: 600px) 100vw, 600px\" \/>\t\t\t\t\t\t\n\t\t\t\t\t<\/div>\n\t\t\t\t\t\t\t\t\n<style>\n#image_215038058 {\n  width: 100%;\n}\n<\/style>\n\t<\/div>\n\t\n\n\n     <\/div>\n\n     <div class=\"loading-spin dark large centered\"><\/div>\n\n\t<\/div>\n\n\n<div class=\"row\"  id=\"row-1135785483\">\n\n\n\t<div id=\"col-546147160\" class=\"col small-12 large-12\"  >\n\t\t\t\t<div class=\"col-inner\"  >\n\t\t\t\n\t\t\t\n\n\t<div id=\"text-3830504208\" class=\"text\">\n\t\t\n\n<h1>Werden Sie Gen200-Wiederverk\u00e4ufer<\/h1>\n\n\t\t\n<style>\n#text-3830504208 {\n  font-size: 1.9rem;\n}\n<\/style>\n\t<\/div>\n\t\n\t<div id=\"text-306116493\" class=\"text\">\n\t\t\n\n<h2>Schlie\u00dfen Sie sich dem wachsenden Netzwerk von Fachleuten an, die GEN200 vertrauen, um best\u00e4ndige Ergebnisse im modernen Gartenbau zu erzielen.<\/h2>\n<p>Indem ich ein <strong>offizieller GEN200-Wiederverk\u00e4ufer<\/strong>erhalten Sie Zugang zu unserem gesamten Produktsortiment, wettbewerbsf\u00e4higen Gro\u00dfhandelspreisen, Marketingunterst\u00fctzung und fachkundiger Beratung, um Ihren Kunden zu st\u00e4rkeren und ges\u00fcnderen Pflanzen zu verhelfen.<\/p>\n<p>Ganz gleich, ob Sie einen Growshop, einen Webshop oder einen Gro\u00dfhandel betreiben - GEN200 bietet Ihnen erstklassige Qualit\u00e4t, bew\u00e4hrte Leistung und ausgezeichnete Gewinnspannen.<\/p>\n<h3>\u00a0<\/h3>\n<h3>Warum eine Partnerschaft mit Gen200?<\/h3>\n<ul>\n<li><strong>Wachsen Sie mit einer vertrauten Marke<\/strong> - Der Name Gen200 steht f\u00fcr Qualit\u00e4t und Innovation in der Pflanzenern\u00e4hrung.<\/li>\n<li><strong>In-Store-Aktionen<\/strong> - Wir bieten <strong data-start=\"1001\" data-end=\"1063\">Marketingmaterialien, Displays und Produktschulungsinstrumente<\/strong> um die Sichtbarkeit zu erh\u00f6hen und den Umsatz in Ihrem Gesch\u00e4ft zu steigern.<\/li>\n<li><strong>Gro\u00dfhandelspreisgestaltung &amp; Volumenoptionen<\/strong> - Flexible L\u00f6sungen f\u00fcr kleine Einzelh\u00e4ndler und Gro\u00dfverteiler.<\/li>\n<li><strong>Versand &amp; Unterst\u00fctzung<\/strong> - Zuverl\u00e4ssige Logistik und engagierte Partnerunterst\u00fctzung in ganz Europa.<\/li>\n<\/ul>\n\n\t\t\n<style>\n#text-306116493 {\n  color: rgb(0,0,0);\n}\n#text-306116493 > * {\n  color: rgb(0,0,0);\n}\n<\/style>\n\t<\/div>\n\t\n\t<div id=\"gap-100812406\" class=\"gap-element clearfix\" style=\"display:block; height:auto;\">\n\t\t\n<style>\n#gap-100812406 {\n  padding-top: 30px;\n}\n<\/style>\n\t<\/div>\n\t\n\n\t<div id=\"text-1194774627\" class=\"text\">\n\t\t\n\n<h1>Sind Sie daran interessiert, Gen200 Rhodos auf Lager zu haben?<\/h1>\n<p>F\u00fcllen Sie das Kontaktformular aus oder kontaktieren Sie unser Vertriebsteam, um Preise, Muster oder ein individuelles Angebot anzufordern.<\/p>\n\t\t\n<style>\n#text-1194774627 {\n  color: rgb(0,0,0);\n}\n#text-1194774627 > * {\n  color: rgb(0,0,0);\n}\n<\/style>\n\t<\/div>\n\t\n\n<div class=\"wpcf7 no-js\" id=\"wpcf7-f17-o1\" lang=\"en-US\" dir=\"ltr\" data-wpcf7-id=\"17\">\n<div class=\"screen-reader-response\"><p role=\"status\" aria-live=\"polite\" aria-atomic=\"true\"><\/p> <ul><\/ul><\/div>\n<form action=\"\/de\/wp-json\/wp\/v2\/pages\/144#wpcf7-f17-o1\" method=\"post\" class=\"wpcf7-form init\" aria-label=\"Kontakt-Formular\" novalidate=\"novalidate\" data-status=\"init\" data-trp-original-action=\"\/de\/wp-json\/wp\/v2\/pages\/144#wpcf7-f17-o1\">\n<div style=\"display: none;\">\n<input type=\"hidden\" name=\"_wpcf7\" value=\"17\" \/>\n<input type=\"hidden\" name=\"_wpcf7_version\" value=\"6.0.6\" \/>\n<input type=\"hidden\" name=\"_wpcf7_locale\" value=\"en_US\" \/>\n<input type=\"hidden\" name=\"_wpcf7_unit_tag\" value=\"wpcf7-f17-o1\" \/>\n<input type=\"hidden\" name=\"_wpcf7_container_post\" value=\"0\" \/>\n<input type=\"hidden\" name=\"_wpcf7_posted_data_hash\" value=\"\" \/>\n<input type=\"hidden\" name=\"_wpcf7_recaptcha_response\" value=\"\" \/>\n<\/div>\n<p><label>Ihr Name (erforderlich)<\/label><br \/>\n<span class=\"wpcf7-form-control-wrap\" data-name=\"your-name\"><input size=\"40\" maxlength=\"400\" class=\"wpcf7-form-control wpcf7-text wpcf7-validates-as-required\" aria-required=\"true\" aria-invalid=\"false\" value=\"\" type=\"text\" name=\"your-name\" \/><\/span>\n<\/p>\n<p><label>Ihre E-Mail (erforderlich)<\/label><br \/>\n<span class=\"wpcf7-form-control-wrap\" data-name=\"your-email\"><input size=\"40\" maxlength=\"400\" class=\"wpcf7-form-control wpcf7-email wpcf7-validates-as-required wpcf7-text wpcf7-validates-as-email\" aria-required=\"true\" aria-invalid=\"false\" value=\"\" type=\"email\" name=\"your-email\" \/><\/span>\n<\/p>\n<p><label>Ihre Nachricht (erforderlich)<\/label><br \/>\n<span class=\"wpcf7-form-control-wrap\" data-name=\"your-message\"><textarea cols=\"40\" rows=\"10\" maxlength=\"2000\" class=\"wpcf7-form-control wpcf7-textarea\" aria-invalid=\"false\" name=\"your-message\"><\/textarea><\/span>\n<\/p>\n<p><input class=\"wpcf7-form-control wpcf7-submit has-spinner button\" type=\"submit\" value=\"Einreichen\" \/>\n<\/p><div class=\"wpcf7-response-output\" aria-hidden=\"true\"><\/div>\n<input type=\"hidden\" name=\"trp-form-language\" value=\"de\"\/><\/form>\n<\/div>\n\n\n\n\t\t<\/div>\n\t\t\t\t\t<\/div>\n\n\t\n\n<\/div>","protected":false},"excerpt":{"rendered":"","protected":false},"author":1,"featured_media":0,"parent":0,"menu_order":0,"comment_status":"closed","ping_status":"closed","template":"","meta":{"footnotes":""},"class_list":["post-144","page","type-page","status-publish","hentry"],"_links":{"self":[{"href":"https:\/\/www.gen200.com\/de\/wp-json\/wp\/v2\/pages\/144","targetHints":{"allow":["GET"]}}],"collection":[{"href":"https:\/\/www.gen200.com\/de\/wp-json\/wp\/v2\/pages"}],"about":[{"href":"https:\/\/www.gen200.com\/de\/wp-json\/wp\/v2\/types\/page"}],"author":[{"embeddable":true,"href":"https:\/\/www.gen200.com\/de\/wp-json\/wp\/v2\/users\/1"}],"replies":[{"embeddable":true,"href":"https:\/\/www.gen200.com\/de\/wp-json\/wp\/v2\/comments?post=144"}],"version-history":[{"count":0,"href":"https:\/\/www.gen200.com\/de\/wp-json\/wp\/v2\/pages\/144\/revisions"}],"wp:attachment":[{"href":"https:\/\/www.gen200.com\/de\/wp-json\/wp\/v2\/media?parent=144"}],"curies":[{"name":"wp","href":"https:\/\/api.w.org\/{rel}","templated":true}]}}